{"id":16626,"date":"2024-01-14T18:34:07","date_gmt":"2024-01-14T21:34:07","guid":{"rendered":"https:\/\/inicie.digital\/socios\/"},"modified":"2024-01-14T18:34:07","modified_gmt":"2024-01-14T21:34:07","slug":"socios","status":"publish","type":"page","link":"https:\/\/inicie.digital\/es\/socios\/","title":{"rendered":"Socios"},"content":{"rendered":"\n<h1 class=\"wp-block-heading alignwide has-medium-font-size\" style=\"padding-top:var(--wp--preset--spacing--30);padding-bottom:var(--wp--preset--spacing--20)\"><strong>Socios<\/strong><\/h1>\n\n\n\n<div class=\"wp-block-cover alignfull is-light\" style=\"min-height:800px;aspect-ratio:unset;\"><span aria-hidden=\"true\" class=\"wp-block-cover__background has-background-dim-0 has-background-dim\"><\/span><img loading=\"lazy\" decoding=\"async\" width=\"2560\" height=\"1440\" class=\"wp-block-cover__image-background wp-image-367\" alt=\"\" src=\"https:\/\/inicie.digital\/wp-content\/uploads\/2024\/01\/inicie_parceiros_hero-scaled.jpg\" data-object-fit=\"cover\" srcset=\"https:\/\/inicie.digital\/wp-content\/uploads\/2024\/01\/inicie_parceiros_hero-scaled.jpg 2560w, https:\/\/inicie.digital\/wp-content\/uploads\/2024\/01\/inicie_parceiros_hero-300x169.jpg 300w, https:\/\/inicie.digital\/wp-content\/uploads\/2024\/01\/inicie_parceiros_hero-1024x576.jpg 1024w, https:\/\/inicie.digital\/wp-content\/uploads\/2024\/01\/inicie_parceiros_hero-768x432.jpg 768w, https:\/\/inicie.digital\/wp-content\/uploads\/2024\/01\/inicie_parceiros_hero-1536x864.jpg 1536w, https:\/\/inicie.digital\/wp-content\/uploads\/2024\/01\/inicie_parceiros_hero-2048x1152.jpg 2048w\" sizes=\"auto, (max-width: 2560px) 100vw, 2560px\" \/><div class=\"wp-block-cover__inner-container has-global-padding is-layout-constrained wp-block-cover-is-layout-constrained\">\n<p class=\"has-text-align-center has-large-font-size\"><\/p>\n<\/div><\/div>\n\n\n\n<div class=\"wp-block-cover alignwide\" style=\"margin-top:0;margin-bottom:0;padding-top:0;padding-right:var(--wp--preset--spacing--50);padding-bottom:0;padding-left:var(--wp--preset--spacing--50);min-height:700px;aspect-ratio:unset;\"><span aria-hidden=\"true\" class=\"wp-block-cover__background has-background-dim-0 has-background-dim\"><\/span><img loading=\"lazy\" decoding=\"async\" width=\"1000\" height=\"1000\" class=\"wp-block-cover__image-background wp-image-231\" alt=\"\" src=\"https:\/\/inicie.digital\/wp-content\/uploads\/2024\/01\/ini_elementos-hero_background_setbanner.png\" data-object-fit=\"cover\" srcset=\"https:\/\/inicie.digital\/wp-content\/uploads\/2024\/01\/ini_elementos-hero_background_setbanner.png 1000w, https:\/\/inicie.digital\/wp-content\/uploads\/2024\/01\/ini_elementos-hero_background_setbanner-300x300.png 300w, https:\/\/inicie.digital\/wp-content\/uploads\/2024\/01\/ini_elementos-hero_background_setbanner-150x150.png 150w, https:\/\/inicie.digital\/wp-content\/uploads\/2024\/01\/ini_elementos-hero_background_setbanner-768x768.png 768w\" sizes=\"auto, (max-width: 1000px) 100vw, 1000px\" \/><div class=\"wp-block-cover__inner-container is-layout-flow wp-container-core-cover-is-layout-116cffaf wp-block-cover-is-layout-flow\">\n<div class=\"wp-block-group alignwide is-layout-flow wp-block-group-is-layout-flow\">\n<h2 class=\"wp-block-heading has-text-align-center has-text-color has-large-font-size\" style=\"color:#e95222\"><strong>SOCIOS<\/strong><\/h2>\n\n\n\n<hr class=\"wp-block-separator has-alpha-channel-opacity\">\n\n\n\n<h2 class=\"wp-block-heading has-text-align-center has-contrast-color has-text-color has-link-color has-x-large-font-size wp-elements-e43833510cc971b06eb0cc4359aaccc5\"><strong>Desarrollar soluciones, comprender las necesidades e influir en la educaci\u00f3n.<\/strong><\/h2>\n\n\n\n<p class=\"has-text-align-center has-contrast-color has-text-color has-link-color wp-elements-61f1501a46502de0a5147cbc65fd878b\" style=\"font-size:clamp(0.984rem, 0.984rem + ((1vw - 0.2rem) * 0.86), 1.5rem);\">Tenemos socios que creen en los mismos valores y tienen objetivos comunes para transformar la educaci\u00f3n.<\/p>\n<\/div>\n<\/div><\/div>\n\n\n\n<div class=\"wp-block-group alignfull is-content-justification-right is-nowrap is-layout-flex wp-container-core-group-is-layout-d7766e8d wp-block-group-is-layout-flex\" style=\"margin-top:0;margin-bottom:0\">\n<figure class=\"wp-block-image alignright size-large is-resized\"><img loading=\"lazy\" decoding=\"async\" width=\"1024\" height=\"127\" src=\"https:\/\/inicie.digital\/wp-content\/uploads\/2024\/01\/ini_home_hero_background_detail-1024x127.png\" alt=\"\" class=\"wp-image-31\" style=\"width:730px\" srcset=\"https:\/\/inicie.digital\/wp-content\/uploads\/2024\/01\/ini_home_hero_background_detail-1024x127.png 1024w, https:\/\/inicie.digital\/wp-content\/uploads\/2024\/01\/ini_home_hero_background_detail-300x37.png 300w, https:\/\/inicie.digital\/wp-content\/uploads\/2024\/01\/ini_home_hero_background_detail-768x95.png 768w, https:\/\/inicie.digital\/wp-content\/uploads\/2024\/01\/ini_home_hero_background_detail-1536x191.png 1536w, https:\/\/inicie.digital\/wp-content\/uploads\/2024\/01\/ini_home_hero_background_detail-2048x255.png 2048w\" sizes=\"auto, (max-width: 1024px) 100vw, 1024px\" \/><\/figure>\n<\/div>\n\n\n\n<div class=\"wp-block-group alignwide has-global-padding is-content-justification-left is-layout-constrained wp-container-core-group-is-layout-0a13c60a wp-block-group-is-layout-constrained\" style=\"margin-top:var(--wp--preset--spacing--60);margin-bottom:var(--wp--preset--spacing--60);padding-right:var(--wp--preset--spacing--40);padding-left:var(--wp--preset--spacing--40)\">\n<div class=\"wp-block-columns alignwide are-vertically-aligned-center is-layout-flex wp-container-core-columns-is-layout-3d892ca1 wp-block-columns-is-layout-flex\" style=\"padding-top:0;padding-right:0;padding-bottom:0;padding-left:0\">\n<div class=\"wp-block-column is-vertically-aligned-center is-layout-flow wp-container-core-column-is-layout-63d9dbad wp-block-column-is-layout-flow\" style=\"padding-top:0;padding-bottom:0;flex-basis:50%\">\n<figure class=\"wp-block-image aligncenter size-full is-resized\"><img loading=\"lazy\" decoding=\"async\" width=\"310\" height=\"115\" src=\"https:\/\/inicie.digital\/wp-content\/uploads\/2024\/01\/inicie_parceiros_abed.png\" alt=\"\" class=\"wp-image-431\" style=\"width:330px\" srcset=\"https:\/\/inicie.digital\/wp-content\/uploads\/2024\/01\/inicie_parceiros_abed.png 310w, https:\/\/inicie.digital\/wp-content\/uploads\/2024\/01\/inicie_parceiros_abed-300x111.png 300w\" sizes=\"auto, (max-width: 310px) 100vw, 310px\" \/><\/figure>\n<\/div>\n\n\n\n<div class=\"wp-block-column is-vertically-aligned-center is-layout-flow wp-container-core-column-is-layout-f5bb311e wp-block-column-is-layout-flow\" style=\"flex-basis:50%\">\n<h2 class=\"wp-block-heading has-text-color has-link-color wp-elements-f0f22642692681def31ae78e06ae3a6b\" style=\"color:#e95222\"><strong>ABED<\/strong><\/h2>\n\n\n\n<p style=\"font-size:clamp(0.875rem, 0.875rem + ((1vw - 0.2rem) * 0.708), 1.3rem);\">Somos miembros de la ABED (Asociaci\u00f3n Brasile\u00f1a de Educaci\u00f3n a Distancia) y creemos en el <strong>potencial de la educaci\u00f3n a<\/strong> distancia para democratizar el conocimiento y facilitar el acceso a una educaci\u00f3n inclusiva.<\/p>\n\n\n\n<div class=\"wp-block-buttons is-layout-flex wp-block-buttons-is-layout-flex\">\n<div class=\"wp-block-button is-style-outline is-style-outline--1\"><a class=\"wp-block-button__link has-text-color has-link-color wp-element-button\" href=\"https:\/\/www.abed.org.br\/site\/pt\/\" style=\"color:#e95222\" target=\"_blank\" rel=\"noreferrer noopener\">Descubrir \u2192<\/a><\/div>\n<\/div>\n<\/div>\n<\/div>\n<\/div>\n\n\n\n<div class=\"wp-block-group alignwide has-global-padding is-content-justification-left is-layout-constrained wp-container-core-group-is-layout-0a13c60a wp-block-group-is-layout-constrained\" style=\"margin-top:var(--wp--preset--spacing--60);margin-bottom:var(--wp--preset--spacing--60);padding-right:var(--wp--preset--spacing--40);padding-left:var(--wp--preset--spacing--40)\">\n<div class=\"wp-block-columns alignwide are-vertically-aligned-center is-layout-flex wp-container-core-columns-is-layout-3d892ca1 wp-block-columns-is-layout-flex\" style=\"padding-top:0;padding-right:0;padding-bottom:0;padding-left:0\">\n<div class=\"wp-block-column is-vertically-aligned-center is-layout-flow wp-container-core-column-is-layout-63d9dbad wp-block-column-is-layout-flow\" style=\"padding-top:0;padding-bottom:0;flex-basis:50%\">\n<figure class=\"wp-block-image aligncenter size-full is-resized\"><img loading=\"lazy\" decoding=\"async\" width=\"1280\" height=\"480\" src=\"https:\/\/inicie.digital\/wp-content\/uploads\/2024\/03\/inicie_parceiros_canva.png\" alt=\"\" class=\"wp-image-436\" style=\"width:300px\" srcset=\"https:\/\/inicie.digital\/wp-content\/uploads\/2024\/03\/inicie_parceiros_canva.png 1280w, https:\/\/inicie.digital\/wp-content\/uploads\/2024\/03\/inicie_parceiros_canva-300x113.png 300w, https:\/\/inicie.digital\/wp-content\/uploads\/2024\/03\/inicie_parceiros_canva-1024x384.png 1024w, https:\/\/inicie.digital\/wp-content\/uploads\/2024\/03\/inicie_parceiros_canva-768x288.png 768w\" sizes=\"auto, (max-width: 1280px) 100vw, 1280px\" \/><\/figure>\n<\/div>\n\n\n\n<div class=\"wp-block-column is-vertically-aligned-center is-layout-flow wp-container-core-column-is-layout-f5bb311e wp-block-column-is-layout-flow\" style=\"flex-basis:50%\">\n<h2 class=\"wp-block-heading has-text-color has-link-color wp-elements-6a25997a05d8853c91408494019a517e\" style=\"color:#e95222\"><strong>Canva<\/strong><\/h2>\n\n\n\n<p style=\"font-size:clamp(0.875rem, 0.875rem + ((1vw - 0.2rem) * 0.708), 1.3rem);\">Inicie est\u00e1 muy orgullosa de ser la primera empresa del mundo en convertirse en distribuidor de<strong> Canva for<\/strong> Campus para la ense\u00f1anza superior. Esta asociaci\u00f3n, que comenz\u00f3 en 2023, tiene como objetivo aportar la mejor experiencia en dise\u00f1o y comunicaci\u00f3n al mercado de la educaci\u00f3n.<\/p>\n\n\n\n<div class=\"wp-block-buttons is-layout-flex wp-block-buttons-is-layout-flex\">\n<div class=\"wp-block-button is-style-outline is-style-outline--2\"><a class=\"wp-block-button__link has-text-color has-link-color wp-element-button\" href=\"https:\/\/conteudo.inicie.digital\/inicie-canva\" style=\"color:#e95222\" target=\"_blank\" rel=\"noreferrer noopener\">Descubrir \u2192<\/a><\/div>\n<\/div>\n<\/div>\n<\/div>\n<\/div>\n\n\n\n<div class=\"wp-block-group alignwide has-global-padding is-content-justification-left is-layout-constrained wp-container-core-group-is-layout-d7c966c2 wp-block-group-is-layout-constrained\" style=\"margin-top:var(--wp--preset--spacing--60);margin-bottom:var(--wp--preset--spacing--60);padding-right:var(--wp--preset--spacing--50);padding-left:var(--wp--preset--spacing--50)\">\n<div class=\"wp-block-columns alignwide are-vertically-aligned-center is-layout-flex wp-container-core-columns-is-layout-3d892ca1 wp-block-columns-is-layout-flex\" style=\"padding-top:0;padding-right:0;padding-bottom:0;padding-left:0\">\n<div class=\"wp-block-column is-vertically-aligned-center is-layout-flow wp-container-core-column-is-layout-63d9dbad wp-block-column-is-layout-flow\" style=\"padding-top:0;padding-bottom:0;flex-basis:50%\">\n<figure class=\"wp-block-image aligncenter size-full is-resized\"><img loading=\"lazy\" decoding=\"async\" width=\"1540\" height=\"558\" src=\"https:\/\/inicie.digital\/wp-content\/uploads\/2024\/01\/inicie_parceiros_google_for_startupds.png\" alt=\"\" class=\"wp-image-430\" style=\"width:250px\" srcset=\"https:\/\/inicie.digital\/wp-content\/uploads\/2024\/01\/inicie_parceiros_google_for_startupds.png 1540w, https:\/\/inicie.digital\/wp-content\/uploads\/2024\/01\/inicie_parceiros_google_for_startupds-300x109.png 300w, https:\/\/inicie.digital\/wp-content\/uploads\/2024\/01\/inicie_parceiros_google_for_startupds-1024x371.png 1024w, https:\/\/inicie.digital\/wp-content\/uploads\/2024\/01\/inicie_parceiros_google_for_startupds-768x278.png 768w, https:\/\/inicie.digital\/wp-content\/uploads\/2024\/01\/inicie_parceiros_google_for_startupds-1536x557.png 1536w\" sizes=\"auto, (max-width: 1540px) 100vw, 1540px\" \/><\/figure>\n<\/div>\n\n\n\n<div class=\"wp-block-column is-vertically-aligned-center is-layout-flow wp-container-core-column-is-layout-f5bb311e wp-block-column-is-layout-flow\" style=\"flex-basis:50%\">\n<h2 class=\"wp-block-heading has-text-color has-link-color wp-elements-bb874cd4291a89318eaa144dd0b00f10\" style=\"color:#e95222\"><strong>Acelerador Google<\/strong><\/h2>\n\n\n\n<p style=\"font-size:clamp(0.875rem, 0.875rem + ((1vw - 0.2rem) * 0.708), 1.3rem);\">Fuimos seleccionados para el programa <strong>Google for Startups Accelerator 2023<\/strong> y este feliz reconocimiento valida la visi\u00f3n, la tesis y el posicionamiento estrat\u00e9gico que adoptan nuestros productos y servicios, que impactan no s\u00f3lo en el mercado de la educaci\u00f3n, sino en las personas que utilizan nuestras soluciones.<\/p>\n\n\n\n<div class=\"wp-block-buttons is-layout-flex wp-block-buttons-is-layout-flex\">\n<div class=\"wp-block-button is-style-outline is-style-outline--3\"><a class=\"wp-block-button__link has-text-color has-link-color wp-element-button\" href=\"https:\/\/cloud.google.com\/\" style=\"color:#e95222\" target=\"_blank\" rel=\"noreferrer noopener\">Descubrir \u2192<\/a><\/div>\n<\/div>\n<\/div>\n<\/div>\n<\/div>\n\n\n\n<div class=\"wp-block-group alignwide has-global-padding is-content-justification-left is-layout-constrained wp-container-core-group-is-layout-d7c966c2 wp-block-group-is-layout-constrained\" style=\"margin-top:var(--wp--preset--spacing--60);margin-bottom:var(--wp--preset--spacing--60);padding-right:var(--wp--preset--spacing--50);padding-left:var(--wp--preset--spacing--50)\">\n<div class=\"wp-block-columns alignwide are-vertically-aligned-center is-layout-flex wp-container-core-columns-is-layout-3d892ca1 wp-block-columns-is-layout-flex\" style=\"padding-top:0;padding-right:0;padding-bottom:0;padding-left:0\">\n<div class=\"wp-block-column is-vertically-aligned-center is-layout-flow wp-container-core-column-is-layout-63d9dbad wp-block-column-is-layout-flow\" style=\"padding-top:0;padding-bottom:0;flex-basis:50%\">\n<figure class=\"wp-block-image aligncenter size-full is-resized\"><img loading=\"lazy\" decoding=\"async\" width=\"300\" height=\"85\" src=\"https:\/\/inicie.digital\/wp-content\/uploads\/2024\/03\/inicie_parceiro_edpuzzle.png\" alt=\"\" class=\"wp-image-437\" style=\"width:300px\"><\/figure>\n<\/div>\n\n\n\n<div class=\"wp-block-column is-vertically-aligned-center is-layout-flow wp-container-core-column-is-layout-f5bb311e wp-block-column-is-layout-flow\" style=\"flex-basis:50%\">\n<h2 class=\"wp-block-heading has-text-color has-link-color wp-elements-a5e45d9a6e0b194aafee877bafa2380f\" style=\"color:#e95222\"><strong>Edpuzzle<\/strong><\/h2>\n\n\n\n<p style=\"font-size:clamp(0.875rem, 0.875rem + ((1vw - 0.2rem) * 0.708), 1.3rem);\">La misi\u00f3n de Edpuzzle es capacitar a los educadores con software f\u00e1cil de usar y <strong>contenidos atractivos<\/strong> para proporcionar una educaci\u00f3n excelente a los alumnos.  <\/p>\n\n\n\n<p style=\"font-size:clamp(0.875rem, 0.875rem + ((1vw - 0.2rem) * 0.708), 1.3rem);\">Creyendo que \u00e9ste es un objetivo com\u00fan, Inicie ha desarrollado una asociaci\u00f3n estrat\u00e9gica para llevar al mercado educativo una soluci\u00f3n que repercute significativamente en la interacci\u00f3n en el aula.<\/p>\n\n\n\n<div class=\"wp-block-buttons is-layout-flex wp-block-buttons-is-layout-flex\">\n<div class=\"wp-block-button is-style-outline is-style-outline--4\"><a class=\"wp-block-button__link has-text-color has-link-color wp-element-button\" href=\"https:\/\/edpuzzle.com\/\" style=\"color:#e95222\" target=\"_blank\" rel=\"noreferrer noopener\">Descubrir \u2192<\/a><\/div>\n<\/div>\n<\/div>\n<\/div>\n<\/div>\n","protected":false},"excerpt":{"rendered":"<p>Socios ABED Somos miembros de la ABED (Asociaci\u00f3n Brasile\u00f1a de Educaci\u00f3n a Distancia) y creemos en el potencial de la educaci\u00f3n a distancia para democratizar el conocimiento y facilitar el acceso a una educaci\u00f3n inclusiva. Canva Inicie est\u00e1 muy orgullosa de ser la primera empresa del mundo en convertirse en distribuidor de Canva for Campus [&hellip;]<\/p>\n","protected":false},"author":2,"featured_media":16177,"parent":0,"menu_order":0,"comment_status":"closed","ping_status":"closed","template":"page-no-title","meta":{"_monsterinsights_skip_tracking":false,"_monsterinsights_sitenote_active":false,"_monsterinsights_sitenote_note":"","_monsterinsights_sitenote_category":0,"footnotes":""},"class_list":["post-16626","page","type-page","status-publish","has-post-thumbnail","hentry"],"_links":{"self":[{"href":"https:\/\/inicie.digital\/es\/wp-json\/wp\/v2\/pages\/16626","targetHints":{"allow":["GET"]}}],"collection":[{"href":"https:\/\/inicie.digital\/es\/wp-json\/wp\/v2\/pages"}],"about":[{"href":"https:\/\/inicie.digital\/es\/wp-json\/wp\/v2\/types\/page"}],"author":[{"embeddable":true,"href":"https:\/\/inicie.digital\/es\/wp-json\/wp\/v2\/users\/2"}],"replies":[{"embeddable":true,"href":"https:\/\/inicie.digital\/es\/wp-json\/wp\/v2\/comments?post=16626"}],"version-history":[{"count":0,"href":"https:\/\/inicie.digital\/es\/wp-json\/wp\/v2\/pages\/16626\/revisions"}],"wp:featuredmedia":[{"embeddable":true,"href":"https:\/\/inicie.digital\/es\/wp-json\/wp\/v2\/media\/16177"}],"wp:attachment":[{"href":"https:\/\/inicie.digital\/es\/wp-json\/wp\/v2\/media?parent=16626"}],"curies":[{"name":"wp","href":"https:\/\/api.w.org\/{rel}","templated":true}]}}