{"id":16624,"date":"2024-01-14T13:36:37","date_gmt":"2024-01-14T16:36:37","guid":{"rendered":"https:\/\/inicie.digital\/aprendizaje-corporativo-sector-publico\/"},"modified":"2024-01-14T13:36:37","modified_gmt":"2024-01-14T16:36:37","slug":"aprendizaje-corporativo-sector-publico","status":"publish","type":"page","link":"https:\/\/inicie.digital\/es\/aprendizaje-corporativo-sector-publico\/","title":{"rendered":"Aprendizaje Corporativo &#8211; Sector P\u00fablico"},"content":{"rendered":"\n<h1 class=\"wp-block-heading alignwide has-medium-font-size\" style=\"padding-top:var(--wp--preset--spacing--30);padding-bottom:var(--wp--preset--spacing--20)\"><strong>Aprendizaje Corporativo &#8211; Sector P\u00fablico<\/strong><\/h1>\n\n\n\n<div class=\"wp-block-cover alignfull is-light\" style=\"min-height:800px;aspect-ratio:unset;\"><span aria-hidden=\"true\" class=\"wp-block-cover__background has-background-dim-0 has-background-dim\"><\/span><img loading=\"lazy\" decoding=\"async\" width=\"2560\" height=\"1707\" class=\"wp-block-cover__image-background wp-image-342\" alt=\"\" src=\"https:\/\/inicie.digital\/wp-content\/uploads\/2024\/01\/inicie_aprendizagem_corporativa_setor_publico_hero-1-scaled.jpg\" data-object-fit=\"cover\" srcset=\"https:\/\/inicie.digital\/wp-content\/uploads\/2024\/01\/inicie_aprendizagem_corporativa_setor_publico_hero-1-scaled.jpg 2560w, https:\/\/inicie.digital\/wp-content\/uploads\/2024\/01\/inicie_aprendizagem_corporativa_setor_publico_hero-1-300x200.jpg 300w, https:\/\/inicie.digital\/wp-content\/uploads\/2024\/01\/inicie_aprendizagem_corporativa_setor_publico_hero-1-1024x683.jpg 1024w, https:\/\/inicie.digital\/wp-content\/uploads\/2024\/01\/inicie_aprendizagem_corporativa_setor_publico_hero-1-768x512.jpg 768w, https:\/\/inicie.digital\/wp-content\/uploads\/2024\/01\/inicie_aprendizagem_corporativa_setor_publico_hero-1-1536x1024.jpg 1536w, https:\/\/inicie.digital\/wp-content\/uploads\/2024\/01\/inicie_aprendizagem_corporativa_setor_publico_hero-1-2048x1365.jpg 2048w\" sizes=\"auto, (max-width: 2560px) 100vw, 2560px\" \/><div class=\"wp-block-cover__inner-container is-layout-flow wp-block-cover-is-layout-flow\">\n<p class=\"has-text-align-center has-large-font-size\"><\/p>\n<\/div><\/div>\n\n\n\n<div class=\"wp-block-cover alignwide\" style=\"margin-top:0;margin-bottom:0;padding-top:0;padding-right:var(--wp--preset--spacing--50);padding-bottom:0;padding-left:var(--wp--preset--spacing--50);min-height:700px;aspect-ratio:unset;\"><span aria-hidden=\"true\" class=\"wp-block-cover__background has-background-dim-0 has-background-dim\"><\/span><img loading=\"lazy\" decoding=\"async\" width=\"1000\" height=\"1000\" class=\"wp-block-cover__image-background wp-image-231\" alt=\"\" src=\"https:\/\/inicie.digital\/wp-content\/uploads\/2024\/01\/ini_elementos-hero_background_setbanner.png\" data-object-fit=\"cover\" srcset=\"https:\/\/inicie.digital\/wp-content\/uploads\/2024\/01\/ini_elementos-hero_background_setbanner.png 1000w, https:\/\/inicie.digital\/wp-content\/uploads\/2024\/01\/ini_elementos-hero_background_setbanner-300x300.png 300w, https:\/\/inicie.digital\/wp-content\/uploads\/2024\/01\/ini_elementos-hero_background_setbanner-150x150.png 150w, https:\/\/inicie.digital\/wp-content\/uploads\/2024\/01\/ini_elementos-hero_background_setbanner-768x768.png 768w\" sizes=\"auto, (max-width: 1000px) 100vw, 1000px\" \/><div class=\"wp-block-cover__inner-container is-layout-flow wp-container-core-cover-is-layout-116cffaf wp-block-cover-is-layout-flow\">\n<div class=\"wp-block-group alignwide is-layout-flow wp-block-group-is-layout-flow\">\n<h2 class=\"wp-block-heading has-text-align-center has-text-color has-large-font-size\" style=\"color:#e95222\"><strong>SOLUCIONES PARA LA EDUCACI\u00d3N P\u00daBLICA<\/strong><\/h2>\n\n\n\n<hr class=\"wp-block-separator has-alpha-channel-opacity\">\n\n\n\n<h2 class=\"wp-block-heading has-text-align-center has-contrast-color has-text-color has-link-color has-x-large-font-size wp-elements-e035f6a93d8271a941d88625b663cbfb\"><strong><strong>Pensar desde lo b\u00e1sico para innovar y transformar.<\/strong><\/strong><\/h2>\n\n\n\n<p class=\"has-text-align-center has-contrast-color has-text-color has-link-color wp-elements-30a1a66221fb9ce06b54a2b4d1fcf7c4\" style=\"font-size:clamp(0.984rem, 0.984rem + ((1vw - 0.2rem) * 0.86), 1.5rem);\">Los retos a los que se enfrenta la educaci\u00f3n p\u00fablica son muchos y vastos, como la falta de infraestructuras, la complejidad de la gesti\u00f3n, las demandas de formaci\u00f3n y apoyo, la necesidad de promover las competencias digitales, el conocimiento de metodolog\u00edas y pr\u00e1cticas educativas innovadoras.<\/p>\n\n\n\n<p class=\"has-text-align-center has-contrast-color has-text-color has-link-color wp-elements-c4a6eb580ba83f724c9549358d8d00a9\" style=\"font-size:clamp(0.875rem, 0.875rem + ((1vw - 0.2rem) * 0.542), 1.2rem);\">Estamos aqu\u00ed para presentar una respuesta global a estos retos e impulsar el proceso de ense\u00f1anza-aprendizaje en los departamentos de educaci\u00f3n.<\/p>\n<\/div>\n<\/div><\/div>\n\n\n\n<div class=\"wp-block-group alignfull is-content-justification-right is-nowrap is-layout-flex wp-container-core-group-is-layout-d7766e8d wp-block-group-is-layout-flex\" style=\"margin-top:0;margin-bottom:0\">\n<figure class=\"wp-block-image alignright size-large is-resized\"><img loading=\"lazy\" decoding=\"async\" width=\"1024\" height=\"127\" src=\"https:\/\/inicie.digital\/wp-content\/uploads\/2024\/01\/ini_home_hero_background_detail-1024x127.png\" alt=\"\" class=\"wp-image-31\" style=\"width:730px\" srcset=\"https:\/\/inicie.digital\/wp-content\/uploads\/2024\/01\/ini_home_hero_background_detail-1024x127.png 1024w, https:\/\/inicie.digital\/wp-content\/uploads\/2024\/01\/ini_home_hero_background_detail-300x37.png 300w, https:\/\/inicie.digital\/wp-content\/uploads\/2024\/01\/ini_home_hero_background_detail-768x95.png 768w, https:\/\/inicie.digital\/wp-content\/uploads\/2024\/01\/ini_home_hero_background_detail-1536x191.png 1536w, https:\/\/inicie.digital\/wp-content\/uploads\/2024\/01\/ini_home_hero_background_detail-2048x255.png 2048w\" sizes=\"auto, (max-width: 1024px) 100vw, 1024px\" \/><\/figure>\n<\/div>\n\n\n\n<div class=\"wp-block-group alignwide has-global-padding is-layout-constrained wp-container-core-group-is-layout-e2ae4753 wp-block-group-is-layout-constrained\" style=\"padding-top:var(--wp--preset--spacing--50);padding-right:var(--wp--preset--spacing--40);padding-bottom:var(--wp--preset--spacing--60);padding-left:var(--wp--preset--spacing--40)\">\n<h2 class=\"wp-block-heading alignwide has-text-align-center has-contrast-2-color has-text-color has-link-color has-xx-large-font-size wp-elements-be43596aaac8933a593c6bbe0f3d48d7\" style=\"font-style:normal;font-weight:100\">Nuestro proyecto consta de las siguientes fases:<\/h2>\n<\/div>\n\n\n\n<div class=\"wp-block-group alignfull has-base-background-color has-background has-global-padding is-layout-constrained wp-container-core-group-is-layout-b9940f7e wp-block-group-is-layout-constrained\" style=\"margin-top:0;margin-bottom:0;padding-top:var(--wp--preset--spacing--50);padding-right:var(--wp--preset--spacing--40);padding-bottom:var(--wp--preset--spacing--50);padding-left:var(--wp--preset--spacing--40)\">\n<div class=\"wp-block-columns alignwide are-vertically-aligned-center is-layout-flex wp-container-core-columns-is-layout-711f0ede wp-block-columns-is-layout-flex\" style=\"padding-top:0;padding-right:var(--wp--preset--spacing--40);padding-bottom:0;padding-left:var(--wp--preset--spacing--40)\">\n<div class=\"wp-block-column is-vertically-aligned-center is-layout-flow wp-container-core-column-is-layout-f5bb311e wp-block-column-is-layout-flow\" style=\"flex-basis:66%\">\n<ul style=\"padding-top:0;padding-bottom:0\" class=\"is-style-default wp-block-list\">\n<li style=\"font-size:clamp(0.875rem, 0.875rem + ((1vw - 0.2rem) * 0.708), 1.3rem);\">Promover la <strong>alfabetizaci\u00f3n digital de<\/strong> los equipos.<\/li>\n\n\n\n<li style=\"font-size:clamp(0.875rem, 0.875rem + ((1vw - 0.2rem) * 0.708), 1.3rem);\">Desarrollar <strong>habilidades y estrategias<\/strong> para aplicar nuevas metodolog\u00edas de ense\u00f1anza.<\/li>\n\n\n\n<li style=\"font-size:clamp(0.875rem, 0.875rem + ((1vw - 0.2rem) * 0.708), 1.3rem);\">Proporcionar <strong>nuevas experiencias<\/strong> con contenidos relevantes que apoyen a los profesores dentro y fuera del aula.<\/li>\n\n\n\n<li style=\"font-size:clamp(0.875rem, 0.875rem + ((1vw - 0.2rem) * 0.708), 1.3rem);\">Ayudar en la <strong>integraci\u00f3n de tecnolog\u00edas<\/strong> y en el uso de las tecnolog\u00edas existentes.<\/li>\n\n\n\n<li style=\"font-size:clamp(0.875rem, 0.875rem + ((1vw - 0.2rem) * 0.708), 1.3rem);\">Apoyar la creaci\u00f3n de un <strong>proceso de aprendizaje<\/strong> corporativo perenne y <strong>continuo<\/strong>.<\/li>\n<\/ul>\n<\/div>\n\n\n\n<div class=\"wp-block-column is-vertically-aligned-center is-layout-flow wp-container-core-column-is-layout-92c44e9e wp-block-column-is-layout-flow\" style=\"padding-top:0;padding-bottom:0;flex-basis:33%\">\n<figure class=\"wp-block-image size-full\"><img loading=\"lazy\" decoding=\"async\" width=\"968\" height=\"1002\" src=\"https:\/\/inicie.digital\/wp-content\/uploads\/2024\/01\/ini_setorpublico_letramento_digital.png\" alt=\"\" class=\"wp-image-114\" srcset=\"https:\/\/inicie.digital\/wp-content\/uploads\/2024\/01\/ini_setorpublico_letramento_digital.png 968w, https:\/\/inicie.digital\/wp-content\/uploads\/2024\/01\/ini_setorpublico_letramento_digital-290x300.png 290w, https:\/\/inicie.digital\/wp-content\/uploads\/2024\/01\/ini_setorpublico_letramento_digital-768x795.png 768w\" sizes=\"auto, (max-width: 968px) 100vw, 968px\" \/><\/figure>\n<\/div>\n<\/div>\n<\/div>\n\n\n\n<div class=\"wp-block-group alignwide has-global-padding is-layout-constrained wp-container-core-group-is-layout-254499bd wp-block-group-is-layout-constrained\" style=\"margin-top:0;margin-bottom:0;padding-top:var(--wp--preset--spacing--50);padding-right:var(--wp--preset--spacing--40);padding-bottom:var(--wp--preset--spacing--50);padding-left:var(--wp--preset--spacing--40)\">\n<div class=\"wp-block-group alignwide is-layout-flow wp-container-core-group-is-layout-c951c46d wp-block-group-is-layout-flow\">\n<h2 class=\"wp-block-heading has-text-align-center has-text-color has-link-color wp-elements-86befa8a13c1456fa65042f3fd293438\" style=\"color:#e95222;padding-top:0;padding-bottom:var(--wp--preset--spacing--40)\"><strong>Nossa solu\u00e7\u00e3o est\u00e1 baseada em 3 pilares<\/strong><\/h2>\n\n\n\n<div class=\"wp-block-columns alignwide is-layout-flex wp-container-core-columns-is-layout-b16ae281 wp-block-columns-is-layout-flex\" style=\"padding-top:0;padding-right:0;padding-bottom:0;padding-left:0\">\n<div class=\"wp-block-column is-vertically-aligned-top is-layout-flow wp-container-core-column-is-layout-63d9dbad wp-block-column-is-layout-flow\" style=\"padding-top:0;padding-bottom:0;flex-basis:33.34%\">\n<p class=\"has-large-font-size\"><strong>Tecnologias educacionais:<\/strong><\/p>\n\n\n\n<p style=\"font-size:clamp(0.875rem, 0.875rem + ((1vw - 0.2rem) * 0.542), 1.2rem);\">Uma <strong>plataforma customizada<\/strong> para gerenciar os dados educacionais e outros fatores que impactam o processo educacional.<\/p>\n<\/div>\n\n\n\n<div class=\"wp-block-column is-vertically-aligned-top is-layout-flow wp-container-core-column-is-layout-63d9dbad wp-block-column-is-layout-flow\" style=\"padding-top:0;padding-bottom:0;flex-basis:33.34%\">\n<p class=\"has-large-font-size\"><strong>Experi\u00eancias<\/strong> <strong><br>\u00fanicas:<\/strong><\/p>\n\n\n\n<p style=\"font-size:clamp(0.875rem, 0.875rem + ((1vw - 0.2rem) * 0.542), 1.2rem);\"><strong>Conte\u00fados, trilhas e oficinas <\/strong>que impactam e trazem novas perspectivas para todos os atores educacionais, com abordagens e temas relevantes para cada p\u00fablico.<\/p>\n<\/div>\n\n\n\n<div class=\"wp-block-column is-vertically-aligned-top is-layout-flow wp-container-core-column-is-layout-63d9dbad wp-block-column-is-layout-flow\" style=\"padding-top:0;padding-bottom:0;flex-basis:33.34%\">\n<p class=\"has-large-font-size\"><strong>Assessoramento cont\u00ednuo:<\/strong><\/p>\n\n\n\n<p style=\"font-size:clamp(0.875rem, 0.875rem + ((1vw - 0.2rem) * 0.542), 1.2rem);\"><strong>Especialistas<\/strong> que podem auxiliar as equipes internas a encontrar solu\u00e7\u00f5es para problemas existentes, melhorar o processo educativo e corrigir rotas e experi\u00eancias.<\/p>\n<\/div>\n<\/div>\n<\/div>\n<\/div>\n\n\n\n<div class=\"wp-block-group alignfull is-layout-flow wp-block-group-is-layout-flow\">\n<div class=\"wp-block-group has-global-padding is-layout-constrained wp-block-group-is-layout-constrained\">\n<div class=\"wp-block-columns alignwide is-layout-flex wp-container-core-columns-is-layout-59e203da wp-block-columns-is-layout-flex\" style=\"padding-right:0;padding-left:0\">\n<div class=\"wp-block-column has-global-padding is-layout-constrained wp-container-core-column-is-layout-be889f9f wp-block-column-is-layout-constrained\" style=\"padding-top:300px;padding-right:var(--wp--preset--spacing--40);padding-bottom:300px;padding-left:var(--wp--preset--spacing--40);flex-basis:50%\">\n<h1 class=\"wp-block-heading has-text-color has-link-color has-xx-large-font-size wp-elements-3e87af35b4d5f5af208efd6e8704a958\" style=\"color:#e95222\"><strong>\u00bfQuieres m\u00e1s informaci\u00f3n?<\/strong><\/h1>\n\n\n\n<p style=\"font-size:clamp(1.146rem, 1.146rem + ((1vw - 0.2rem) * 1.09), 1.8rem);\">Transforma la educaci\u00f3n en tu regi\u00f3n con una soluci\u00f3n completa de <strong>infraestructura, gesti\u00f3n y alfabetizaci\u00f3n<\/strong> digital.<\/p>\n<\/div>\n\n\n\n<div class=\"wp-block-column is-vertically-aligned-center has-base-2-background-color has-background is-layout-flow wp-container-core-column-is-layout-6a27151a wp-block-column-is-layout-flow\" style=\"border-style:none;border-width:0px;padding-top:var(--wp--preset--spacing--30);padding-right:var(--wp--preset--spacing--30);padding-bottom:var(--wp--preset--spacing--30);padding-left:var(--wp--preset--spacing--30);flex-basis:50%\">\n<div class=\"wp-block-columns are-vertically-aligned-center is-layout-flex wp-container-core-columns-is-layout-28f84493 wp-block-columns-is-layout-flex\">\n<div class=\"wp-block-column is-layout-flow wp-block-column-is-layout-flow\">\n<div class=\"wp-block-contact-form-7-contact-form-selector\">\n<div class=\"wpcf7 no-js\" id=\"wpcf7-f517-o1\" lang=\"pt-BR\" dir=\"ltr\" data-wpcf7-id=\"517\">\n<div class=\"screen-reader-response\"><p role=\"status\" aria-live=\"polite\" aria-atomic=\"true\"><\/p> <ul><\/ul><\/div>\n<form action=\"\/es\/wp-json\/wp\/v2\/pages\/16624#wpcf7-f517-o1\" method=\"post\" class=\"wpcf7-form init\" aria-label=\"Formul\u00e1rios de contato\" novalidate=\"novalidate\" data-status=\"init\">\n<fieldset class=\"hidden-fields-container\"><input type=\"hidden\" name=\"_wpcf7\" value=\"517\" \/><input type=\"hidden\" name=\"_wpcf7_version\" value=\"6.1.5\" \/><input type=\"hidden\" name=\"_wpcf7_locale\" value=\"pt_BR\" \/><input type=\"hidden\" name=\"_wpcf7_unit_tag\" value=\"wpcf7-f517-o1\" \/><input type=\"hidden\" name=\"_wpcf7_container_post\" value=\"0\" \/><input type=\"hidden\" name=\"_wpcf7_posted_data_hash\" value=\"\" \/><input type=\"hidden\" name=\"_cf7a__timestamp\" value=\"0fPjWQOlQTnkZahXig1FIA==\" \/><input type=\"hidden\" name=\"_cf7a_version\" value=\"1.0\" \/><input type=\"hidden\" name=\"_cf7a_address\" value=\"\" \/><input type=\"hidden\" name=\"_cf7a_referer\" value=\"\" \/><input type=\"hidden\" name=\"_cf7a_protocol\" value=\"\" \/><input type=\"hidden\" name=\"_cf7a_bot_fingerprint\" value=\"0fPjWQOlQTnkZahXig1FIA==\" \/><input type=\"hidden\" name=\"_cf7a_bot_fingerprint_extras\" \/><input type=\"hidden\" name=\"_cf7a_append_on_submit\" \/>\n<\/fieldset>\n<div class=\"form_head\">\n\t<p>Como voc\u00ea prefere o contato?\n\t<\/p>\n<\/div>\n<p><span class=\"wpcf7-form-control-wrap\" data-name=\"radio-73\"><span class=\"wpcf7-form-control wpcf7-radio\"><span class=\"wpcf7-list-item first\"><label><input type=\"radio\" name=\"radio-73\" value=\"WhatsApp\" checked=\"checked\" \/><span class=\"wpcf7-list-item-label\">WhatsApp<\/span><\/label><\/span><span class=\"wpcf7-list-item\"><label><input type=\"radio\" name=\"radio-73\" value=\"Liga\u00e7\u00e3o\" \/><span class=\"wpcf7-list-item-label\">Liga\u00e7\u00e3o<\/span><\/label><\/span><span class=\"wpcf7-list-item last\"><label><input type=\"radio\" name=\"radio-73\" value=\"E-mail\" \/><span class=\"wpcf7-list-item-label\">E-mail<\/span><\/label><\/span><\/span><\/span>\n<\/p>\n<p><label> Seu nome<br \/>\n<span class=\"wpcf7-form-control-wrap\" data-name=\"your-name\"><input size=\"40\" maxlength=\"400\" class=\"wpcf7-form-control wpcf7-text wpcf7-validates-as-required\" autocomplete=\"name\" aria-required=\"true\" aria-invalid=\"false\" value=\"\" type=\"text\" name=\"your-name\" \/><input type=\"text\" name=\"zip\" value=\"\" autocomplete=\"fill\" class=\"fit-the-fullspace\" aria-hidden=\"true\" tabindex=\"-1\" \/><\/span> <\/label>\n<\/p>\n<p><label> Seu e-mail<br \/>\n<span class=\"wpcf7-form-control-wrap\" data-name=\"your-email\"><input size=\"40\" maxlength=\"400\" class=\"wpcf7-form-control wpcf7-email wpcf7-validates-as-required wpcf7-text wpcf7-validates-as-email\" autocomplete=\"email\" aria-required=\"true\" aria-invalid=\"false\" value=\"\" type=\"email\" name=\"your-email\" \/><\/span> <\/label>\n<\/p>\n<p><label> Seu telefone<br \/>\n<span class=\"wpcf7-form-control-wrap\" data-name=\"tel-816\"><input size=\"40\" maxlength=\"400\" class=\"wpcf7-form-control wpcf7-tel wpcf7-validates-as-required wpcf7-text wpcf7-validates-as-tel\" aria-required=\"true\" aria-invalid=\"false\" value=\"\" type=\"tel\" name=\"tel-816\" \/><\/span> <\/label>\n<\/p>\n<p><label> Assunto<br \/>\n<span class=\"wpcf7-form-control-wrap\" data-name=\"your-subject\"><input size=\"40\" maxlength=\"400\" class=\"wpcf7-form-control wpcf7-text wpcf7-validates-as-required\" aria-required=\"true\" aria-invalid=\"false\" value=\"\" type=\"text\" name=\"your-subject\" \/><input type=\"text\" name=\"credit-card\" value=\"\" autocomplete=\"fill\" class=\"fit-the-fullspace\" aria-hidden=\"true\" tabindex=\"-1\" \/><\/span> <\/label>\n<\/p>\n<p><label> Sua mensagem (opcional)<br \/>\n<span class=\"wpcf7-form-control-wrap\" data-name=\"your-message\"><textarea cols=\"40\" rows=\"10\" maxlength=\"2000\" class=\"wpcf7-form-control wpcf7-textarea\" aria-invalid=\"false\" name=\"your-message\"><\/textarea><\/span> <\/label>\n<\/p>\n<p><div id=\"cf7sr-69e10050de2bc\" class=\"cf7sr-g-recaptcha\" data-theme=\"light\" data-type=\"image\" data-size=\"compact\" data-sitekey=\"6LcsQqMpAAAAAJLvf2_dZsyjz-fTFwWzZWqYYvXC\"><\/div><span class=\"wpcf7-form-control-wrap cf7sr-recaptcha\" data-name=\"cf7sr-recaptcha\"><input type=\"hidden\" name=\"cf7sr-recaptcha\" value=\"\" class=\"wpcf7-form-control\"><\/span><br \/>\n<input class=\"wpcf7-form-control wpcf7-submit has-spinner\" type=\"submit\" value=\"Enviar\" \/>\n<\/p><p style=\"display: none !important;\" class=\"akismet-fields-container\" data-prefix=\"_wpcf7_ak_\"><label>&#916;<textarea name=\"_wpcf7_ak_hp_textarea\" cols=\"45\" rows=\"8\" maxlength=\"100\"><\/textarea><\/label><input type=\"hidden\" id=\"ak_js_1\" name=\"_wpcf7_ak_js\" value=\"169\"\/><script>document.getElementById( \"ak_js_1\" ).setAttribute( \"value\", ( new Date() ).getTime() );<\/script><\/p><div class=\"wpcf7-response-output\" aria-hidden=\"true\"><\/div>\n<\/form>\n<\/div>\n<\/div>\n<\/div>\n<\/div>\n<\/div>\n<\/div>\n<\/div>\n<\/div>\n","protected":false},"excerpt":{"rendered":"<p>Aprendizaje Corporativo &#8211; Sector P\u00fablico Nuestro proyecto consta de las siguientes fases: \u00bfQuieres m\u00e1s informaci\u00f3n? Transforma la educaci\u00f3n en tu regi\u00f3n con una soluci\u00f3n completa de infraestructura, gesti\u00f3n y alfabetizaci\u00f3n digital.<\/p>\n","protected":false},"author":2,"featured_media":0,"parent":0,"menu_order":0,"comment_status":"closed","ping_status":"closed","template":"page-no-title","meta":{"_monsterinsights_skip_tracking":false,"_monsterinsights_sitenote_active":false,"_monsterinsights_sitenote_note":"","_monsterinsights_sitenote_category":0,"footnotes":""},"class_list":["post-16624","page","type-page","status-publish","hentry"],"_links":{"self":[{"href":"https:\/\/inicie.digital\/es\/wp-json\/wp\/v2\/pages\/16624","targetHints":{"allow":["GET"]}}],"collection":[{"href":"https:\/\/inicie.digital\/es\/wp-json\/wp\/v2\/pages"}],"about":[{"href":"https:\/\/inicie.digital\/es\/wp-json\/wp\/v2\/types\/page"}],"author":[{"embeddable":true,"href":"https:\/\/inicie.digital\/es\/wp-json\/wp\/v2\/users\/2"}],"replies":[{"embeddable":true,"href":"https:\/\/inicie.digital\/es\/wp-json\/wp\/v2\/comments?post=16624"}],"version-history":[{"count":0,"href":"https:\/\/inicie.digital\/es\/wp-json\/wp\/v2\/pages\/16624\/revisions"}],"wp:attachment":[{"href":"https:\/\/inicie.digital\/es\/wp-json\/wp\/v2\/media?parent=16624"}],"curies":[{"name":"wp","href":"https:\/\/api.w.org\/{rel}","templated":true}]}}