{"id":16605,"date":"2024-01-14T14:58:18","date_gmt":"2024-01-14T17:58:18","guid":{"rendered":"https:\/\/inicie.digital\/senderos-de-entrenamiento\/"},"modified":"2024-01-14T14:58:18","modified_gmt":"2024-01-14T17:58:18","slug":"senderos-de-entrenamiento","status":"publish","type":"page","link":"https:\/\/inicie.digital\/es\/senderos-de-entrenamiento\/","title":{"rendered":"Senderos de entrenamiento"},"content":{"rendered":"\n<h1 class=\"wp-block-heading alignwide has-medium-font-size\" style=\"padding-top:var(--wp--preset--spacing--30);padding-bottom:var(--wp--preset--spacing--20)\"><strong>Experiencias y recorridos formativos<\/strong><\/h1>\n\n\n\n<div class=\"wp-block-cover alignfull\" style=\"min-height:800px;aspect-ratio:unset;\"><span aria-hidden=\"true\" class=\"wp-block-cover__background has-background-dim-0 has-background-dim\"><\/span><img loading=\"lazy\" decoding=\"async\" width=\"2560\" height=\"1707\" class=\"wp-block-cover__image-background wp-image-375\" alt=\"\" src=\"https:\/\/inicie.digital\/wp-content\/uploads\/2024\/01\/inicie_experiencias_hero-scaled.jpg\" data-object-fit=\"cover\" srcset=\"https:\/\/inicie.digital\/wp-content\/uploads\/2024\/01\/inicie_experiencias_hero-scaled.jpg 2560w, https:\/\/inicie.digital\/wp-content\/uploads\/2024\/01\/inicie_experiencias_hero-300x200.jpg 300w, https:\/\/inicie.digital\/wp-content\/uploads\/2024\/01\/inicie_experiencias_hero-1024x683.jpg 1024w, https:\/\/inicie.digital\/wp-content\/uploads\/2024\/01\/inicie_experiencias_hero-768x512.jpg 768w, https:\/\/inicie.digital\/wp-content\/uploads\/2024\/01\/inicie_experiencias_hero-1536x1024.jpg 1536w, https:\/\/inicie.digital\/wp-content\/uploads\/2024\/01\/inicie_experiencias_hero-2048x1365.jpg 2048w\" sizes=\"auto, (max-width: 2560px) 100vw, 2560px\" \/><div class=\"wp-block-cover__inner-container has-global-padding is-layout-constrained wp-block-cover-is-layout-constrained\">\n<p class=\"has-text-align-center has-large-font-size\"><\/p>\n<\/div><\/div>\n\n\n\n<div class=\"wp-block-cover alignwide\" style=\"margin-top:0;margin-bottom:0;padding-top:0;padding-right:var(--wp--preset--spacing--50);padding-bottom:0;padding-left:var(--wp--preset--spacing--50);min-height:700px;aspect-ratio:unset;\"><span aria-hidden=\"true\" class=\"wp-block-cover__background has-background-dim-0 has-background-dim\"><\/span><img loading=\"lazy\" decoding=\"async\" width=\"1000\" height=\"1000\" class=\"wp-block-cover__image-background wp-image-231\" alt=\"\" src=\"https:\/\/inicie.digital\/wp-content\/uploads\/2024\/01\/ini_elementos-hero_background_setbanner.png\" data-object-fit=\"cover\" srcset=\"https:\/\/inicie.digital\/wp-content\/uploads\/2024\/01\/ini_elementos-hero_background_setbanner.png 1000w, https:\/\/inicie.digital\/wp-content\/uploads\/2024\/01\/ini_elementos-hero_background_setbanner-300x300.png 300w, https:\/\/inicie.digital\/wp-content\/uploads\/2024\/01\/ini_elementos-hero_background_setbanner-150x150.png 150w, https:\/\/inicie.digital\/wp-content\/uploads\/2024\/01\/ini_elementos-hero_background_setbanner-768x768.png 768w\" sizes=\"auto, (max-width: 1000px) 100vw, 1000px\" \/><div class=\"wp-block-cover__inner-container is-layout-flow wp-container-core-cover-is-layout-116cffaf wp-block-cover-is-layout-flow\">\n<div class=\"wp-block-group alignwide is-layout-flow wp-block-group-is-layout-flow\">\n<h2 class=\"wp-block-heading has-text-align-center has-text-color has-large-font-size\" style=\"color:#e95222\"><strong>EXPERIENCIAS PARA IMPLICAR Y TRANSFORMAR<\/strong><\/h2>\n\n\n\n<hr class=\"wp-block-separator has-alpha-channel-opacity\">\n\n\n\n<h2 class=\"wp-block-heading has-text-align-center has-contrast-color has-text-color has-link-color has-x-large-font-size wp-elements-3302f0a55d453ad39b0d74c4596db26c\"><strong>Creemos que las experiencias \u00fanicas tienen el poder de mejorar la ense\u00f1anza y el aprendizaje.<\/strong><\/h2>\n\n\n\n<p class=\"has-text-align-center has-contrast-color has-text-color has-link-color wp-elements-f9256000946b7e854f5508122f0fdfca\" style=\"font-size:clamp(0.984rem, 0.984rem + ((1vw - 0.2rem) * 0.86), 1.5rem);\">Por eso hemos creado contenidos, talleres, itinerarios y eventos para ayudar en el camino de la formaci\u00f3n continua que integra el desarrollo de competencias y habilidades digitales, nuevas herramientas tecnol\u00f3gicas y estrategias para aplicar estos recursos a diferentes contextos y para diferentes p\u00fablicos.<\/p>\n<\/div>\n<\/div><\/div>\n\n\n\n<div class=\"wp-block-group alignfull is-content-justification-right is-nowrap is-layout-flex wp-container-core-group-is-layout-d7766e8d wp-block-group-is-layout-flex\" style=\"margin-top:0;margin-bottom:0\">\n<figure class=\"wp-block-image alignright size-large is-resized\"><img loading=\"lazy\" decoding=\"async\" width=\"1024\" height=\"127\" src=\"https:\/\/inicie.digital\/wp-content\/uploads\/2024\/01\/ini_home_hero_background_detail-1024x127.png\" alt=\"\" class=\"wp-image-31\" style=\"width:730px\" srcset=\"https:\/\/inicie.digital\/wp-content\/uploads\/2024\/01\/ini_home_hero_background_detail-1024x127.png 1024w, https:\/\/inicie.digital\/wp-content\/uploads\/2024\/01\/ini_home_hero_background_detail-300x37.png 300w, https:\/\/inicie.digital\/wp-content\/uploads\/2024\/01\/ini_home_hero_background_detail-768x95.png 768w, https:\/\/inicie.digital\/wp-content\/uploads\/2024\/01\/ini_home_hero_background_detail-1536x191.png 1536w, https:\/\/inicie.digital\/wp-content\/uploads\/2024\/01\/ini_home_hero_background_detail-2048x255.png 2048w\" sizes=\"auto, (max-width: 1024px) 100vw, 1024px\" \/><\/figure>\n<\/div>\n\n\n\n<div class=\"wp-block-group alignwide has-global-padding is-layout-constrained wp-container-core-group-is-layout-a151063b wp-block-group-is-layout-constrained\" style=\"padding-top:var(--wp--preset--spacing--50);padding-right:var(--wp--preset--spacing--40);padding-bottom:var(--wp--preset--spacing--50);padding-left:var(--wp--preset--spacing--40)\">\n<h2 class=\"wp-block-heading alignwide has-text-align-center has-contrast-2-color has-text-color has-link-color has-x-large-font-size wp-elements-7f4602279483b9a4bb5ffbaf35f23f09\" style=\"font-style:normal;font-weight:100\">Nuestras experiencias:<\/h2>\n<\/div>\n\n\n\n<div class=\"wp-block-group alignwide has-global-padding is-content-justification-left is-layout-constrained wp-container-core-group-is-layout-129bcedf wp-block-group-is-layout-constrained\" style=\"margin-top:0;margin-bottom:0;padding-top:var(--wp--preset--spacing--40);padding-right:var(--wp--preset--spacing--40);padding-bottom:var(--wp--preset--spacing--40);padding-left:var(--wp--preset--spacing--40)\">\n<div class=\"wp-block-columns alignwide are-vertically-aligned-center is-layout-flex wp-container-core-columns-is-layout-3d892ca1 wp-block-columns-is-layout-flex\" style=\"padding-top:0;padding-right:0;padding-bottom:0;padding-left:0\">\n<div class=\"wp-block-column is-vertically-aligned-center is-layout-flow wp-container-core-column-is-layout-f5bb311e wp-block-column-is-layout-flow\" style=\"flex-basis:70%\">\n<h2 class=\"wp-block-heading has-text-color has-link-color wp-elements-21c03fcb6912b11becd93a1a5bcbe832\" style=\"color:#e95222\"><strong>Para directivos<\/strong><\/h2>\n\n\n\n<p class=\"has-large-font-size\"><strong>En un mundo en constante cambio debido a los avances tecnol\u00f3gicos, los responsables de las instituciones educativas deben promover la formaci\u00f3n continua para garantizar una experiencia educativa acorde con las demandas del mercado.<\/strong><\/p>\n\n\n\n<p style=\"font-size:clamp(0.875rem, 0.875rem + ((1vw - 0.2rem) * 0.708), 1.3rem);\">Repiensa los procesos internos de tu instituci\u00f3n y dise\u00f1a con Inicie un programa de formaci\u00f3n basado en tres pilares: personas, tecnolog\u00eda y aprendizaje.<\/p>\n<\/div>\n\n\n\n<div class=\"wp-block-column is-vertically-aligned-center is-layout-flow wp-container-core-column-is-layout-63d9dbad wp-block-column-is-layout-flow\" style=\"padding-top:0;padding-bottom:0;flex-basis:50%\">\n<figure class=\"wp-block-image aligncenter size-full is-resized is-style-default\"><img loading=\"lazy\" decoding=\"async\" width=\"354\" height=\"145\" src=\"https:\/\/inicie.digital\/wp-content\/uploads\/2024\/01\/academia-de-lideres.png\" alt=\"\" class=\"wp-image-237\" style=\"width:200px\" srcset=\"https:\/\/inicie.digital\/wp-content\/uploads\/2024\/01\/academia-de-lideres.png 354w, https:\/\/inicie.digital\/wp-content\/uploads\/2024\/01\/academia-de-lideres-300x123.png 300w\" sizes=\"auto, (max-width: 354px) 100vw, 354px\" \/><\/figure>\n\n\n\n<figure class=\"wp-block-image aligncenter size-large is-resized\"><img loading=\"lazy\" decoding=\"async\" width=\"1024\" height=\"661\" src=\"https:\/\/inicie.digital\/wp-content\/uploads\/2024\/01\/inicie_trilhas_formativas_design_thinking_para_gestores-1024x661.png\" alt=\"\" class=\"wp-image-283\" style=\"width:200px\" srcset=\"https:\/\/inicie.digital\/wp-content\/uploads\/2024\/01\/inicie_trilhas_formativas_design_thinking_para_gestores-1024x661.png 1024w, https:\/\/inicie.digital\/wp-content\/uploads\/2024\/01\/inicie_trilhas_formativas_design_thinking_para_gestores-300x194.png 300w, https:\/\/inicie.digital\/wp-content\/uploads\/2024\/01\/inicie_trilhas_formativas_design_thinking_para_gestores-768x496.png 768w, https:\/\/inicie.digital\/wp-content\/uploads\/2024\/01\/inicie_trilhas_formativas_design_thinking_para_gestores-1536x992.png 1536w, https:\/\/inicie.digital\/wp-content\/uploads\/2024\/01\/inicie_trilhas_formativas_design_thinking_para_gestores.png 1625w\" sizes=\"auto, (max-width: 1024px) 100vw, 1024px\" \/><\/figure>\n<\/div>\n<\/div>\n<\/div>\n\n\n\n<div class=\"wp-block-group alignwide has-global-padding is-layout-constrained wp-container-core-group-is-layout-ef1571a3 wp-block-group-is-layout-constrained\" style=\"margin-top:0;margin-bottom:0;padding-top:var(--wp--preset--spacing--40);padding-right:var(--wp--preset--spacing--40);padding-bottom:var(--wp--preset--spacing--40);padding-left:var(--wp--preset--spacing--40)\">\n<div class=\"wp-block-columns alignwide are-vertically-aligned-center is-layout-flex wp-container-core-columns-is-layout-3d892ca1 wp-block-columns-is-layout-flex\" style=\"padding-top:0;padding-right:0;padding-bottom:0;padding-left:0\">\n<div class=\"wp-block-column is-vertically-aligned-center is-layout-flow wp-container-core-column-is-layout-63d9dbad wp-block-column-is-layout-flow\" style=\"padding-top:0;padding-bottom:0;flex-basis:25%\">\n<figure class=\"wp-block-image aligncenter size-full is-resized\"><img loading=\"lazy\" decoding=\"async\" width=\"965\" height=\"302\" src=\"https:\/\/inicie.digital\/wp-content\/uploads\/2024\/04\/inicie_trilhas_digicamp.jpg\" alt=\"\" class=\"wp-image-16028\" style=\"width:250px\" srcset=\"https:\/\/inicie.digital\/wp-content\/uploads\/2024\/04\/inicie_trilhas_digicamp.jpg 965w, https:\/\/inicie.digital\/wp-content\/uploads\/2024\/04\/inicie_trilhas_digicamp-300x94.jpg 300w, https:\/\/inicie.digital\/wp-content\/uploads\/2024\/04\/inicie_trilhas_digicamp-768x240.jpg 768w\" sizes=\"auto, (max-width: 965px) 100vw, 965px\" \/><\/figure>\n\n\n\n<figure class=\"wp-block-image aligncenter size-full is-resized\"><img loading=\"lazy\" decoding=\"async\" width=\"358\" height=\"318\" src=\"https:\/\/inicie.digital\/wp-content\/uploads\/2024\/04\/inicie_trilhas_inteligencia_artificial.jpg\" alt=\"\" class=\"wp-image-16032\" style=\"width:120px\" srcset=\"https:\/\/inicie.digital\/wp-content\/uploads\/2024\/04\/inicie_trilhas_inteligencia_artificial.jpg 358w, https:\/\/inicie.digital\/wp-content\/uploads\/2024\/04\/inicie_trilhas_inteligencia_artificial-300x266.jpg 300w\" sizes=\"auto, (max-width: 358px) 100vw, 358px\" \/><\/figure>\n\n\n\n<figure class=\"wp-block-image aligncenter size-full is-resized\"><img loading=\"lazy\" decoding=\"async\" width=\"1625\" height=\"1049\" src=\"https:\/\/inicie.digital\/wp-content\/uploads\/2024\/01\/inicie_trilhas_formativas_design_thinking_para_educadores.png\" alt=\"\" class=\"wp-image-286\" style=\"width:200px\" srcset=\"https:\/\/inicie.digital\/wp-content\/uploads\/2024\/01\/inicie_trilhas_formativas_design_thinking_para_educadores.png 1625w, https:\/\/inicie.digital\/wp-content\/uploads\/2024\/01\/inicie_trilhas_formativas_design_thinking_para_educadores-300x194.png 300w, https:\/\/inicie.digital\/wp-content\/uploads\/2024\/01\/inicie_trilhas_formativas_design_thinking_para_educadores-1024x661.png 1024w, https:\/\/inicie.digital\/wp-content\/uploads\/2024\/01\/inicie_trilhas_formativas_design_thinking_para_educadores-768x496.png 768w, https:\/\/inicie.digital\/wp-content\/uploads\/2024\/01\/inicie_trilhas_formativas_design_thinking_para_educadores-1536x992.png 1536w\" sizes=\"auto, (max-width: 1625px) 100vw, 1625px\" \/><\/figure>\n<\/div>\n\n\n\n<div class=\"wp-block-column is-vertically-aligned-center is-layout-flow wp-container-core-column-is-layout-63d9dbad wp-block-column-is-layout-flow\" style=\"padding-top:0;padding-bottom:0;flex-basis:25%\">\n<figure class=\"wp-block-image aligncenter size-large is-resized\"><img loading=\"lazy\" decoding=\"async\" width=\"1024\" height=\"549\" src=\"https:\/\/inicie.digital\/wp-content\/uploads\/2024\/01\/inicie_trilhas_formativas_criando_rotas_aprendizagem_baseada_em_projetos-1024x549.png\" alt=\"\" class=\"wp-image-287\" style=\"width:200px\" srcset=\"https:\/\/inicie.digital\/wp-content\/uploads\/2024\/01\/inicie_trilhas_formativas_criando_rotas_aprendizagem_baseada_em_projetos-1024x549.png 1024w, https:\/\/inicie.digital\/wp-content\/uploads\/2024\/01\/inicie_trilhas_formativas_criando_rotas_aprendizagem_baseada_em_projetos-300x161.png 300w, https:\/\/inicie.digital\/wp-content\/uploads\/2024\/01\/inicie_trilhas_formativas_criando_rotas_aprendizagem_baseada_em_projetos-768x412.png 768w, https:\/\/inicie.digital\/wp-content\/uploads\/2024\/01\/inicie_trilhas_formativas_criando_rotas_aprendizagem_baseada_em_projetos-1536x824.png 1536w, https:\/\/inicie.digital\/wp-content\/uploads\/2024\/01\/inicie_trilhas_formativas_criando_rotas_aprendizagem_baseada_em_projetos-2048x1098.png 2048w\" sizes=\"auto, (max-width: 1024px) 100vw, 1024px\" \/><\/figure>\n\n\n\n<figure class=\"wp-block-image aligncenter size-full is-resized\"><img loading=\"lazy\" decoding=\"async\" width=\"570\" height=\"348\" src=\"https:\/\/inicie.digital\/wp-content\/uploads\/2024\/04\/inicie_trilhas_espacos_de_aprendizagem.png\" alt=\"\" class=\"wp-image-16151\" style=\"width:200px\" srcset=\"https:\/\/inicie.digital\/wp-content\/uploads\/2024\/04\/inicie_trilhas_espacos_de_aprendizagem.png 570w, https:\/\/inicie.digital\/wp-content\/uploads\/2024\/04\/inicie_trilhas_espacos_de_aprendizagem-300x183.png 300w\" sizes=\"auto, (max-width: 570px) 100vw, 570px\" \/><\/figure>\n\n\n\n<figure class=\"wp-block-image aligncenter size-full is-resized\"><img loading=\"lazy\" decoding=\"async\" width=\"737\" height=\"546\" src=\"https:\/\/inicie.digital\/wp-content\/uploads\/2024\/04\/inicie_trilhas_canvalab.jpg\" alt=\"\" class=\"wp-image-16031\" style=\"width:240px;height:auto\" srcset=\"https:\/\/inicie.digital\/wp-content\/uploads\/2024\/04\/inicie_trilhas_canvalab.jpg 737w, https:\/\/inicie.digital\/wp-content\/uploads\/2024\/04\/inicie_trilhas_canvalab-300x222.jpg 300w\" sizes=\"auto, (max-width: 737px) 100vw, 737px\" \/><\/figure>\n<\/div>\n\n\n\n<div class=\"wp-block-column is-vertically-aligned-center is-layout-flow wp-container-core-column-is-layout-f5bb311e wp-block-column-is-layout-flow\" style=\"flex-basis:50%\">\n<h2 class=\"wp-block-heading has-text-color has-link-color wp-elements-70177b820766b77748dc2d98e6fb0a6d\" style=\"color:#e95222\"><strong>Para educadores<\/strong><\/h2>\n\n\n\n<p class=\"has-large-font-size\"><strong>Los educadores que est\u00e1n al d\u00eda suelen ofrecer una ense\u00f1anza de mayor calidad. La formaci\u00f3n continua permite a los educadores perfeccionar sus habilidades, explorar nuevas metodolog\u00edas de ense\u00f1anza-aprendizaje e incorporar las mejores pr\u00e1cticas pedag\u00f3gicas a sus aulas.<\/strong><\/p>\n\n\n\n<p style=\"font-size:clamp(0.875rem, 0.875rem + ((1vw - 0.2rem) * 0.708), 1.3rem);\">Integrar la tecnolog\u00eda en las pr\u00e1cticas educativas, haciendo que las clases sean m\u00e1s atractivas, din\u00e1micas y acordes con las necesidades de los alumnos inmersos en la era digital.<\/p>\n<\/div>\n<\/div>\n<\/div>\n\n\n\n<div class=\"wp-block-group alignwide has-global-padding is-content-justification-left is-layout-constrained wp-container-core-group-is-layout-129bcedf wp-block-group-is-layout-constrained\" style=\"margin-top:0;margin-bottom:0;padding-top:var(--wp--preset--spacing--40);padding-right:var(--wp--preset--spacing--40);padding-bottom:var(--wp--preset--spacing--40);padding-left:var(--wp--preset--spacing--40)\">\n<div class=\"wp-block-columns alignwide are-vertically-aligned-center is-layout-flex wp-container-core-columns-is-layout-3d892ca1 wp-block-columns-is-layout-flex\" style=\"padding-top:0;padding-right:0;padding-bottom:0;padding-left:0\">\n<div class=\"wp-block-column is-vertically-aligned-center is-layout-flow wp-container-core-column-is-layout-f5bb311e wp-block-column-is-layout-flow\" style=\"flex-basis:50%\">\n<h2 class=\"wp-block-heading has-text-color has-link-color wp-elements-e5d89bdd4169c2b4caa9b2c458b7fd10\" style=\"color:#e95222\"><strong>Para estudiantes<\/strong><\/h2>\n\n\n\n<p class=\"has-large-font-size\"><strong>Integrar la tecnolog\u00eda en el aula puede aumentar la participaci\u00f3n de los alumnos y ofrecer oportunidades de aprendizaje m\u00e1s interactivas y personalizadas.<\/strong><\/p>\n\n\n\n<p style=\"font-size:clamp(0.875rem, 0.875rem + ((1vw - 0.2rem) * 0.708), 1.3rem);\">Apoyar a los estudiantes en el desarrollo de las habilidades para evaluar la informaci\u00f3n en l\u00ednea, comprender las cuestiones relacionadas con la seguridad digital, colaborar en l\u00ednea, resolver problemas utilizando los recursos digitales de forma creativa y tener una comprensi\u00f3n cr\u00edtica de la tecnolog\u00eda.<\/p>\n<\/div>\n\n\n\n<div class=\"wp-block-column is-vertically-aligned-center is-layout-flow wp-container-core-column-is-layout-63d9dbad wp-block-column-is-layout-flow\" style=\"padding-top:0;padding-bottom:0;flex-basis:25%\">\n<figure class=\"wp-block-image aligncenter size-full is-resized\"><img loading=\"lazy\" decoding=\"async\" width=\"749\" height=\"323\" src=\"https:\/\/inicie.digital\/wp-content\/uploads\/2024\/01\/inicie_trilhas_formativas_aluno_tutor.png\" alt=\"\" class=\"wp-image-293\" style=\"width:200px\" srcset=\"https:\/\/inicie.digital\/wp-content\/uploads\/2024\/01\/inicie_trilhas_formativas_aluno_tutor.png 749w, https:\/\/inicie.digital\/wp-content\/uploads\/2024\/01\/inicie_trilhas_formativas_aluno_tutor-300x129.png 300w\" sizes=\"auto, (max-width: 749px) 100vw, 749px\" \/><\/figure>\n\n\n\n<figure class=\"wp-block-image aligncenter size-full is-resized\"><img loading=\"lazy\" decoding=\"async\" width=\"672\" height=\"609\" src=\"https:\/\/inicie.digital\/wp-content\/uploads\/2024\/01\/inicie_trilhas_formativas_sas_startup_at_school.png\" alt=\"\" class=\"wp-image-294\" style=\"width:200px\" srcset=\"https:\/\/inicie.digital\/wp-content\/uploads\/2024\/01\/inicie_trilhas_formativas_sas_startup_at_school.png 672w, https:\/\/inicie.digital\/wp-content\/uploads\/2024\/01\/inicie_trilhas_formativas_sas_startup_at_school-300x272.png 300w\" sizes=\"auto, (max-width: 672px) 100vw, 672px\" \/><\/figure>\n\n\n\n<figure class=\"wp-block-image aligncenter size-full is-resized\"><img loading=\"lazy\" decoding=\"async\" width=\"608\" height=\"364\" src=\"https:\/\/inicie.digital\/wp-content\/uploads\/2024\/04\/inicie_trilhas_projeto_luneta.jpg\" alt=\"\" class=\"wp-image-16033\" style=\"width:200px\" srcset=\"https:\/\/inicie.digital\/wp-content\/uploads\/2024\/04\/inicie_trilhas_projeto_luneta.jpg 608w, https:\/\/inicie.digital\/wp-content\/uploads\/2024\/04\/inicie_trilhas_projeto_luneta-300x180.jpg 300w\" sizes=\"auto, (max-width: 608px) 100vw, 608px\" \/><\/figure>\n<\/div>\n\n\n\n<div class=\"wp-block-column is-vertically-aligned-center is-layout-flow wp-container-core-column-is-layout-63d9dbad wp-block-column-is-layout-flow\" style=\"padding-top:0;padding-bottom:0;flex-basis:25%\">\n<figure class=\"wp-block-image aligncenter size-full is-resized\"><img loading=\"lazy\" decoding=\"async\" width=\"272\" height=\"154\" src=\"https:\/\/inicie.digital\/wp-content\/uploads\/2024\/04\/inicie_trilhas_aluno_tutor_mirim.png\" alt=\"\" class=\"wp-image-16153\" style=\"width:200px\"><\/figure>\n\n\n\n<figure class=\"wp-block-image aligncenter size-full is-resized\"><img loading=\"lazy\" decoding=\"async\" width=\"1460\" height=\"776\" src=\"https:\/\/inicie.digital\/wp-content\/uploads\/2024\/01\/inicie_trilhas_formativas_moneevibes.png\" alt=\"\" class=\"wp-image-296\" style=\"width:200px\" srcset=\"https:\/\/inicie.digital\/wp-content\/uploads\/2024\/01\/inicie_trilhas_formativas_moneevibes.png 1460w, https:\/\/inicie.digital\/wp-content\/uploads\/2024\/01\/inicie_trilhas_formativas_moneevibes-300x159.png 300w, https:\/\/inicie.digital\/wp-content\/uploads\/2024\/01\/inicie_trilhas_formativas_moneevibes-1024x544.png 1024w, https:\/\/inicie.digital\/wp-content\/uploads\/2024\/01\/inicie_trilhas_formativas_moneevibes-768x408.png 768w\" sizes=\"auto, (max-width: 1460px) 100vw, 1460px\" \/><\/figure>\n\n\n\n<figure class=\"wp-block-image aligncenter size-large is-resized\"><img loading=\"lazy\" decoding=\"async\" width=\"1024\" height=\"435\" src=\"https:\/\/inicie.digital\/wp-content\/uploads\/2024\/01\/inicie_trilhas_formativas_jangada_criativa_cultura_maker-1024x435.png\" alt=\"\" class=\"wp-image-297\" style=\"width:200px\" srcset=\"https:\/\/inicie.digital\/wp-content\/uploads\/2024\/01\/inicie_trilhas_formativas_jangada_criativa_cultura_maker-1024x435.png 1024w, https:\/\/inicie.digital\/wp-content\/uploads\/2024\/01\/inicie_trilhas_formativas_jangada_criativa_cultura_maker-300x128.png 300w, https:\/\/inicie.digital\/wp-content\/uploads\/2024\/01\/inicie_trilhas_formativas_jangada_criativa_cultura_maker-768x326.png 768w, https:\/\/inicie.digital\/wp-content\/uploads\/2024\/01\/inicie_trilhas_formativas_jangada_criativa_cultura_maker.png 1080w\" sizes=\"auto, (max-width: 1024px) 100vw, 1024px\" \/><\/figure>\n<\/div>\n<\/div>\n<\/div>\n","protected":false},"excerpt":{"rendered":"<p>Experiencias y recorridos formativos Nuestras experiencias: Para directivos En un mundo en constante cambio debido a los avances tecnol\u00f3gicos, los responsables de las instituciones educativas deben promover la formaci\u00f3n continua para garantizar una experiencia educativa acorde con las demandas del mercado. Repiensa los procesos internos de tu instituci\u00f3n y dise\u00f1a con Inicie un programa de [&hellip;]<\/p>\n","protected":false},"author":2,"featured_media":16177,"parent":0,"menu_order":0,"comment_status":"closed","ping_status":"closed","template":"page-no-title","meta":{"_monsterinsights_skip_tracking":false,"_monsterinsights_sitenote_active":false,"_monsterinsights_sitenote_note":"","_monsterinsights_sitenote_category":0,"footnotes":""},"class_list":["post-16605","page","type-page","status-publish","has-post-thumbnail","hentry"],"_links":{"self":[{"href":"https:\/\/inicie.digital\/es\/wp-json\/wp\/v2\/pages\/16605","targetHints":{"allow":["GET"]}}],"collection":[{"href":"https:\/\/inicie.digital\/es\/wp-json\/wp\/v2\/pages"}],"about":[{"href":"https:\/\/inicie.digital\/es\/wp-json\/wp\/v2\/types\/page"}],"author":[{"embeddable":true,"href":"https:\/\/inicie.digital\/es\/wp-json\/wp\/v2\/users\/2"}],"replies":[{"embeddable":true,"href":"https:\/\/inicie.digital\/es\/wp-json\/wp\/v2\/comments?post=16605"}],"version-history":[{"count":0,"href":"https:\/\/inicie.digital\/es\/wp-json\/wp\/v2\/pages\/16605\/revisions"}],"wp:featuredmedia":[{"embeddable":true,"href":"https:\/\/inicie.digital\/es\/wp-json\/wp\/v2\/media\/16177"}],"wp:attachment":[{"href":"https:\/\/inicie.digital\/es\/wp-json\/wp\/v2\/media?parent=16605"}],"curies":[{"name":"wp","href":"https:\/\/api.w.org\/{rel}","templated":true}]}}