{"id":16601,"date":"2024-03-21T12:51:08","date_gmt":"2024-03-21T15:51:08","guid":{"rendered":"https:\/\/inicie.digital\/canal-de-conducta-etica\/"},"modified":"2024-03-21T12:51:08","modified_gmt":"2024-03-21T15:51:08","slug":"canal-de-conducta-etica","status":"publish","type":"page","link":"https:\/\/inicie.digital\/es\/canal-de-conducta-etica\/","title":{"rendered":"Canal de Conducta \u00c9tica"},"content":{"rendered":"\n<div class=\"wp-block-group alignfull has-contrast-2-background-color has-background is-layout-flow wp-block-group-is-layout-flow\">\n<div class=\"wp-block-group has-global-padding is-layout-constrained wp-block-group-is-layout-constrained\">\n<div class=\"wp-block-columns alignwide is-layout-flex wp-container-core-columns-is-layout-59e203da wp-block-columns-is-layout-flex\" style=\"padding-right:0;padding-left:0\">\n<div class=\"wp-block-column has-global-padding is-layout-constrained wp-container-core-column-is-layout-5345125b wp-block-column-is-layout-constrained\" style=\"padding-top:200px;padding-right:var(--wp--preset--spacing--40);padding-bottom:200px;padding-left:var(--wp--preset--spacing--40);flex-basis:50%\">\n<h1 class=\"wp-block-heading has-base-2-color has-text-color has-link-color has-x-large-font-size wp-elements-68db42e6778b86a96fea42f12470eed0\"><strong>\u00c9tica<\/strong> <strong>Canal de Conducta \u00c9tica<\/strong><\/h1>\n\n\n\n<p class=\"has-base-2-color has-text-color has-link-color has-large-font-size wp-elements-fb66f335e15ae22e5baeeb92a9596f33\">Forma parte de nuestros valores actuar con imparcialidad en nuestras decisiones, con la verdad y la justicia como elementos esenciales. <strong>Para nosotros, no hay atajos<\/strong> y siempre trabajaremos con \u00e9tica y transparencia.<\/p>\n\n\n\n<p class=\"has-base-2-color has-text-color has-link-color wp-elements-1baf830bd2106cb50d0fd0afdf74d58a\" style=\"font-size:clamp(0.984rem, 0.984rem + ((1vw - 0.2rem) * 0.86), 1.5rem);\">Se trata de un canal exclusivo para que proveedores, clientes, prestadores de servicios y colaboradores puedan comunicar de forma segura y, si lo desean, an\u00f3nima, cualquier conducta considerada poco \u00e9tica o contraria a los principios \u00e9ticos y normas de conducta de Inicie y\/o a la legislaci\u00f3n vigente.<\/p>\n\n\n\n<p class=\"has-base-2-color has-text-color has-link-color wp-elements-5909181708a6416ca560c06865237d6a\"><strong>La informaci\u00f3n aqu\u00ed registrada ser\u00e1 tratada con absoluta confidencialidad y con el tratamiento adecuado a cada situaci\u00f3n por parte de la alta direcci\u00f3n de Inicie, sin conflictos de intereses.<\/strong><\/p>\n<\/div>\n\n\n\n<div class=\"wp-block-column is-vertically-aligned-center has-base-2-background-color has-background is-layout-flow wp-container-core-column-is-layout-6a27151a wp-block-column-is-layout-flow\" style=\"border-style:none;border-width:0px;padding-top:var(--wp--preset--spacing--30);padding-right:var(--wp--preset--spacing--30);padding-bottom:var(--wp--preset--spacing--30);padding-left:var(--wp--preset--spacing--30);flex-basis:50%\">\n<div class=\"wp-block-contact-form-7-contact-form-selector\">\n<div class=\"wpcf7 no-js\" id=\"wpcf7-f543-o1\" lang=\"pt-BR\" dir=\"ltr\" data-wpcf7-id=\"543\">\n<div class=\"screen-reader-response\"><p role=\"status\" aria-live=\"polite\" aria-atomic=\"true\"><\/p> <ul><\/ul><\/div>\n<form action=\"\/es\/wp-json\/wp\/v2\/pages\/16601#wpcf7-f543-o1\" method=\"post\" class=\"wpcf7-form init\" aria-label=\"Formul\u00e1rios de contato\" novalidate=\"novalidate\" data-status=\"init\">\n<fieldset class=\"hidden-fields-container\"><input type=\"hidden\" name=\"_wpcf7\" value=\"543\" \/><input type=\"hidden\" name=\"_wpcf7_version\" value=\"6.1.5\" \/><input type=\"hidden\" name=\"_wpcf7_locale\" value=\"pt_BR\" \/><input type=\"hidden\" name=\"_wpcf7_unit_tag\" value=\"wpcf7-f543-o1\" \/><input type=\"hidden\" name=\"_wpcf7_container_post\" value=\"0\" \/><input type=\"hidden\" name=\"_wpcf7_posted_data_hash\" value=\"\" \/><input type=\"hidden\" name=\"_cf7a__timestamp\" value=\"Ik8DccQzvjYjU\/BueCVepw==\" \/><input type=\"hidden\" name=\"_cf7a_version\" value=\"1.0\" \/><input type=\"hidden\" name=\"_cf7a_address\" value=\"\" \/><input type=\"hidden\" name=\"_cf7a_referer\" value=\"\" \/><input type=\"hidden\" name=\"_cf7a_protocol\" value=\"\" \/><input type=\"hidden\" name=\"_cf7a_bot_fingerprint\" value=\"Ik8DccQzvjYjU\/BueCVepw==\" \/><input type=\"hidden\" name=\"_cf7a_bot_fingerprint_extras\" \/><input type=\"hidden\" name=\"_cf7a_append_on_submit\" \/>\n<\/fieldset>\n<p><label> Seu nome<br \/>\n<span class=\"wpcf7-form-control-wrap\" data-name=\"your-name\"><input type=\"text\" name=\"name\" value=\"\" autocomplete=\"fill\" class=\"fit-the-fullspace\" aria-hidden=\"true\" tabindex=\"-1\" \/><input size=\"40\" maxlength=\"400\" class=\"wpcf7-form-control wpcf7-text wpcf7-validates-as-required\" autocomplete=\"name\" aria-required=\"true\" aria-invalid=\"false\" value=\"\" type=\"text\" name=\"your-name\" \/><\/span> <\/label>\n<\/p>\n<p><label> Seu e-mail<br \/>\n<span class=\"wpcf7-form-control-wrap\" data-name=\"your-email\"><input size=\"40\" maxlength=\"400\" class=\"wpcf7-form-control wpcf7-email wpcf7-validates-as-required wpcf7-text wpcf7-validates-as-email\" autocomplete=\"email\" aria-required=\"true\" aria-invalid=\"false\" value=\"\" type=\"email\" name=\"your-email\" \/><\/span> <\/label>\n<\/p>\n<p><label> Quem?<br \/>\n<span class=\"wpcf7-form-control-wrap\" data-name=\"your-subject\"><input type=\"text\" name=\"email\" value=\"\" autocomplete=\"fill\" class=\"fit-the-fullspace\" aria-hidden=\"true\" tabindex=\"-1\" \/><input type=\"text\" name=\"address\" value=\"\" autocomplete=\"fill\" class=\"fit-the-fullspace\" aria-hidden=\"true\" tabindex=\"-1\" \/><input size=\"40\" maxlength=\"400\" class=\"wpcf7-form-control wpcf7-text wpcf7-validates-as-required\" aria-required=\"true\" aria-invalid=\"false\" value=\"\" type=\"text\" name=\"your-subject\" \/><\/span> <\/label>\n<\/p>\n<p><label> Onde?<br \/>\n<span class=\"wpcf7-form-control-wrap\" data-name=\"your-subject\"><input type=\"text\" name=\"email\" value=\"\" autocomplete=\"fill\" class=\"fit-the-fullspace\" aria-hidden=\"true\" tabindex=\"-1\" \/><input type=\"text\" name=\"address\" value=\"\" autocomplete=\"fill\" class=\"fit-the-fullspace\" aria-hidden=\"true\" tabindex=\"-1\" \/><input size=\"40\" maxlength=\"400\" class=\"wpcf7-form-control wpcf7-text wpcf7-validates-as-required\" aria-required=\"true\" aria-invalid=\"false\" value=\"\" type=\"text\" name=\"your-subject\" \/><\/span> <\/label>\n<\/p>\n<p><label> Quando?<br \/>\n<span class=\"wpcf7-form-control-wrap\" data-name=\"date-25\"><input class=\"wpcf7-form-control wpcf7-date wpcf7-validates-as-required wpcf7-validates-as-date\" aria-required=\"true\" aria-invalid=\"false\" value=\"\" type=\"date\" name=\"date-25\" \/><\/span> <\/label>\n<\/p>\n<p><label> O que?<br \/>\n<span class=\"wpcf7-form-control-wrap\" data-name=\"your-message\"><textarea cols=\"40\" rows=\"10\" maxlength=\"2000\" class=\"wpcf7-form-control wpcf7-textarea\" aria-invalid=\"false\" name=\"your-message\"><\/textarea><\/span> <\/label>\n<\/p>\n<p><label> Como?<br \/>\n<span class=\"wpcf7-form-control-wrap\" data-name=\"your-message\"><textarea cols=\"40\" rows=\"10\" maxlength=\"2000\" class=\"wpcf7-form-control wpcf7-textarea\" aria-invalid=\"false\" name=\"your-message\"><\/textarea><\/span> <\/label>\n<\/p>\n<p><div id=\"cf7sr-6a03516530508\" class=\"cf7sr-g-recaptcha\" data-theme=\"light\" data-type=\"image\" data-size=\"compact\" data-sitekey=\"6LcsQqMpAAAAAJLvf2_dZsyjz-fTFwWzZWqYYvXC\"><\/div><span class=\"wpcf7-form-control-wrap cf7sr-recaptcha\" data-name=\"cf7sr-recaptcha\"><input type=\"hidden\" name=\"cf7sr-recaptcha\" value=\"\" class=\"wpcf7-form-control\"><\/span><br \/>\n<input class=\"wpcf7-form-control wpcf7-submit has-spinner\" type=\"submit\" value=\"Enviar\" \/>\n<\/p><p style=\"display: none !important;\" class=\"akismet-fields-container\" data-prefix=\"_wpcf7_ak_\"><label>&#916;<textarea name=\"_wpcf7_ak_hp_textarea\" cols=\"45\" rows=\"8\" maxlength=\"100\"><\/textarea><\/label><input type=\"hidden\" id=\"ak_js_1\" name=\"_wpcf7_ak_js\" value=\"32\"\/><script>\ndocument.getElementById( \"ak_js_1\" ).setAttribute( \"value\", ( new Date() ).getTime() );\n<\/script>\n<\/p><div class=\"wpcf7-response-output\" aria-hidden=\"true\"><\/div>\n<\/form>\n<\/div>\n<\/div>\n<\/div>\n<\/div>\n<\/div>\n<\/div>\n","protected":false},"excerpt":{"rendered":"<p>\u00c9tica Canal de Conducta \u00c9tica Forma parte de nuestros valores actuar con imparcialidad en nuestras decisiones, con la verdad y la justicia como elementos esenciales. Para nosotros, no hay atajos y siempre trabajaremos con \u00e9tica y transparencia. Se trata de un canal exclusivo para que proveedores, clientes, prestadores de servicios y colaboradores puedan comunicar de [&hellip;]<\/p>\n","protected":false},"author":2,"featured_media":16177,"parent":0,"menu_order":0,"comment_status":"closed","ping_status":"closed","template":"page-no-title","meta":{"_monsterinsights_skip_tracking":false,"_monsterinsights_sitenote_active":false,"_monsterinsights_sitenote_note":"","_monsterinsights_sitenote_category":0,"footnotes":""},"class_list":["post-16601","page","type-page","status-publish","has-post-thumbnail","hentry"],"_links":{"self":[{"href":"https:\/\/inicie.digital\/es\/wp-json\/wp\/v2\/pages\/16601","targetHints":{"allow":["GET"]}}],"collection":[{"href":"https:\/\/inicie.digital\/es\/wp-json\/wp\/v2\/pages"}],"about":[{"href":"https:\/\/inicie.digital\/es\/wp-json\/wp\/v2\/types\/page"}],"author":[{"embeddable":true,"href":"https:\/\/inicie.digital\/es\/wp-json\/wp\/v2\/users\/2"}],"replies":[{"embeddable":true,"href":"https:\/\/inicie.digital\/es\/wp-json\/wp\/v2\/comments?post=16601"}],"version-history":[{"count":0,"href":"https:\/\/inicie.digital\/es\/wp-json\/wp\/v2\/pages\/16601\/revisions"}],"wp:featuredmedia":[{"embeddable":true,"href":"https:\/\/inicie.digital\/es\/wp-json\/wp\/v2\/media\/16177"}],"wp:attachment":[{"href":"https:\/\/inicie.digital\/es\/wp-json\/wp\/v2\/media?parent=16601"}],"curies":[{"name":"wp","href":"https:\/\/api.w.org\/{rel}","templated":true}]}}