{"id":16600,"date":"2024-03-21T12:43:01","date_gmt":"2024-03-21T15:43:01","guid":{"rendered":"https:\/\/inicie.digital\/ponte-en-contacto-con\/"},"modified":"2024-03-21T12:43:01","modified_gmt":"2024-03-21T15:43:01","slug":"ponte-en-contacto-con","status":"publish","type":"page","link":"https:\/\/inicie.digital\/es\/ponte-en-contacto-con\/","title":{"rendered":"Ponte en contacto con"},"content":{"rendered":"\n<div class=\"wp-block-group alignfull has-base-background-color has-background is-layout-flow wp-block-group-is-layout-flow\">\n<div class=\"wp-block-group has-global-padding is-layout-constrained wp-block-group-is-layout-constrained\">\n<div class=\"wp-block-columns alignwide is-layout-flex wp-container-core-columns-is-layout-59e203da wp-block-columns-is-layout-flex\" style=\"padding-right:0;padding-left:0\">\n<div class=\"wp-block-column has-global-padding is-layout-constrained wp-container-core-column-is-layout-5345125b wp-block-column-is-layout-constrained\" style=\"padding-top:200px;padding-right:var(--wp--preset--spacing--40);padding-bottom:200px;padding-left:var(--wp--preset--spacing--40);flex-basis:50%\">\n<h1 class=\"wp-block-heading has-text-color has-link-color has-xx-large-font-size wp-elements-cdbfdaf746121354172b9f666ba4d7fb\" style=\"color:#e95222\"><strong>\u00bfEst\u00e1 preparada tu instituci\u00f3n para dise\u00f1ar el futuro de la educaci\u00f3n?<\/strong><\/h1>\n\n\n\n<h2 class=\"wp-block-heading has-x-large-font-size\">\u00a1Ven con nosotros!<\/h2>\n\n\n\n<p class=\"has-large-font-size\">Est\u00e1s un paso m\u00e1s cerca de dise\u00f1ar el futuro de la educaci\u00f3n.<\/p>\n\n\n\n<figure class=\"wp-block-image size-large is-resized\"><img loading=\"lazy\" decoding=\"async\" width=\"1024\" height=\"302\" src=\"https:\/\/inicie.digital\/wp-content\/uploads\/2024\/03\/inicie_hero_quem_utiliza-1024x302.png\" alt=\"\" class=\"wp-image-575\" style=\"width:150px\" srcset=\"https:\/\/inicie.digital\/wp-content\/uploads\/2024\/03\/inicie_hero_quem_utiliza-1024x302.png 1024w, https:\/\/inicie.digital\/wp-content\/uploads\/2024\/03\/inicie_hero_quem_utiliza-300x88.png 300w, https:\/\/inicie.digital\/wp-content\/uploads\/2024\/03\/inicie_hero_quem_utiliza-768x226.png 768w, https:\/\/inicie.digital\/wp-content\/uploads\/2024\/03\/inicie_hero_quem_utiliza-1536x453.png 1536w, https:\/\/inicie.digital\/wp-content\/uploads\/2024\/03\/inicie_hero_quem_utiliza.png 1920w\" sizes=\"auto, (max-width: 1024px) 100vw, 1024px\" \/><\/figure>\n<\/div>\n\n\n\n<div class=\"wp-block-column is-vertically-aligned-center has-base-background-color has-background is-layout-flow wp-container-core-column-is-layout-6a27151a wp-block-column-is-layout-flow\" style=\"border-style:none;border-width:0px;padding-top:var(--wp--preset--spacing--30);padding-right:var(--wp--preset--spacing--30);padding-bottom:var(--wp--preset--spacing--30);padding-left:var(--wp--preset--spacing--30);flex-basis:50%\">\n<div class=\"wp-block-contact-form-7-contact-form-selector\">\n<div class=\"wpcf7 no-js\" id=\"wpcf7-f517-o1\" lang=\"pt-BR\" dir=\"ltr\" data-wpcf7-id=\"517\">\n<div class=\"screen-reader-response\"><p role=\"status\" aria-live=\"polite\" aria-atomic=\"true\"><\/p> <ul><\/ul><\/div>\n<form action=\"\/es\/wp-json\/wp\/v2\/pages\/16600#wpcf7-f517-o1\" method=\"post\" class=\"wpcf7-form init\" aria-label=\"Formul\u00e1rios de contato\" novalidate=\"novalidate\" data-status=\"init\">\n<fieldset class=\"hidden-fields-container\"><input type=\"hidden\" name=\"_wpcf7\" value=\"517\" \/><input type=\"hidden\" name=\"_wpcf7_version\" value=\"6.1.5\" \/><input type=\"hidden\" name=\"_wpcf7_locale\" value=\"pt_BR\" \/><input type=\"hidden\" name=\"_wpcf7_unit_tag\" value=\"wpcf7-f517-o1\" \/><input type=\"hidden\" name=\"_wpcf7_container_post\" value=\"0\" \/><input type=\"hidden\" name=\"_wpcf7_posted_data_hash\" value=\"\" \/><input type=\"hidden\" name=\"_cf7a__timestamp\" value=\"LIPOoc36iKuEv9a7ix1l9Q==\" \/><input type=\"hidden\" name=\"_cf7a_version\" value=\"1.0\" \/><input type=\"hidden\" name=\"_cf7a_address\" value=\"\" \/><input type=\"hidden\" name=\"_cf7a_referer\" value=\"\" \/><input type=\"hidden\" name=\"_cf7a_protocol\" value=\"\" \/><input type=\"hidden\" name=\"_cf7a_bot_fingerprint\" value=\"LIPOoc36iKuEv9a7ix1l9Q==\" \/><input type=\"hidden\" name=\"_cf7a_bot_fingerprint_extras\" \/><input type=\"hidden\" name=\"_cf7a_append_on_submit\" \/>\n<\/fieldset>\n<div class=\"form_head\">\n\t<p>Como voc\u00ea prefere o contato?\n\t<\/p>\n<\/div>\n<p><span class=\"wpcf7-form-control-wrap\" data-name=\"radio-73\"><span class=\"wpcf7-form-control wpcf7-radio\"><span class=\"wpcf7-list-item first\"><label><input type=\"radio\" name=\"radio-73\" value=\"WhatsApp\" checked=\"checked\" \/><span class=\"wpcf7-list-item-label\">WhatsApp<\/span><\/label><\/span><span class=\"wpcf7-list-item\"><label><input type=\"radio\" name=\"radio-73\" value=\"Liga\u00e7\u00e3o\" \/><span class=\"wpcf7-list-item-label\">Liga\u00e7\u00e3o<\/span><\/label><\/span><span class=\"wpcf7-list-item last\"><label><input type=\"radio\" name=\"radio-73\" value=\"E-mail\" \/><span class=\"wpcf7-list-item-label\">E-mail<\/span><\/label><\/span><\/span><\/span>\n<\/p>\n<p><label> Seu nome<br \/>\n<span class=\"wpcf7-form-control-wrap\" data-name=\"your-name\"><input type=\"text\" name=\"name\" value=\"\" autocomplete=\"fill\" class=\"fit-the-fullspace\" aria-hidden=\"true\" tabindex=\"-1\" \/><input size=\"40\" maxlength=\"400\" class=\"wpcf7-form-control wpcf7-text wpcf7-validates-as-required\" autocomplete=\"name\" aria-required=\"true\" aria-invalid=\"false\" value=\"\" type=\"text\" name=\"your-name\" \/><\/span> <\/label>\n<\/p>\n<p><label> Seu e-mail<br \/>\n<span class=\"wpcf7-form-control-wrap\" data-name=\"your-email\"><input size=\"40\" maxlength=\"400\" class=\"wpcf7-form-control wpcf7-email wpcf7-validates-as-required wpcf7-text wpcf7-validates-as-email\" autocomplete=\"email\" aria-required=\"true\" aria-invalid=\"false\" value=\"\" type=\"email\" name=\"your-email\" \/><\/span> <\/label>\n<\/p>\n<p><label> Seu telefone<br \/>\n<span class=\"wpcf7-form-control-wrap\" data-name=\"tel-816\"><input size=\"40\" maxlength=\"400\" class=\"wpcf7-form-control wpcf7-tel wpcf7-validates-as-required wpcf7-text wpcf7-validates-as-tel\" aria-required=\"true\" aria-invalid=\"false\" value=\"\" type=\"tel\" name=\"tel-816\" \/><\/span> <\/label>\n<\/p>\n<p><label> Assunto<br \/>\n<span class=\"wpcf7-form-control-wrap\" data-name=\"your-subject\"><input size=\"40\" maxlength=\"400\" class=\"wpcf7-form-control wpcf7-text wpcf7-validates-as-required\" aria-required=\"true\" aria-invalid=\"false\" value=\"\" type=\"text\" name=\"your-subject\" \/><input type=\"text\" name=\"email\" value=\"\" autocomplete=\"fill\" class=\"fit-the-fullspace\" aria-hidden=\"true\" tabindex=\"-1\" \/><\/span> <\/label>\n<\/p>\n<p><label> Sua mensagem (opcional)<br \/>\n<span class=\"wpcf7-form-control-wrap\" data-name=\"your-message\"><textarea cols=\"40\" rows=\"10\" maxlength=\"2000\" class=\"wpcf7-form-control wpcf7-textarea\" aria-invalid=\"false\" name=\"your-message\"><\/textarea><\/span> <\/label>\n<\/p>\n<p><div id=\"cf7sr-69f229b092d7a\" class=\"cf7sr-g-recaptcha\" data-theme=\"light\" data-type=\"image\" data-size=\"compact\" data-sitekey=\"6LcsQqMpAAAAAJLvf2_dZsyjz-fTFwWzZWqYYvXC\"><\/div><span class=\"wpcf7-form-control-wrap cf7sr-recaptcha\" data-name=\"cf7sr-recaptcha\"><input type=\"hidden\" name=\"cf7sr-recaptcha\" value=\"\" class=\"wpcf7-form-control\"><\/span><br \/>\n<input class=\"wpcf7-form-control wpcf7-submit has-spinner\" type=\"submit\" value=\"Enviar\" \/>\n<\/p><p style=\"display: none !important;\" class=\"akismet-fields-container\" data-prefix=\"_wpcf7_ak_\"><label>&#916;<textarea name=\"_wpcf7_ak_hp_textarea\" cols=\"45\" rows=\"8\" maxlength=\"100\"><\/textarea><\/label><input type=\"hidden\" id=\"ak_js_1\" name=\"_wpcf7_ak_js\" value=\"95\"\/><script>\ndocument.getElementById( \"ak_js_1\" ).setAttribute( \"value\", ( new Date() ).getTime() );\n<\/script>\n<\/p><div class=\"wpcf7-response-output\" aria-hidden=\"true\"><\/div>\n<\/form>\n<\/div>\n<\/div>\n<\/div>\n<\/div>\n<\/div>\n<\/div>\n","protected":false},"excerpt":{"rendered":"<p>\u00bfEst\u00e1 preparada tu instituci\u00f3n para dise\u00f1ar el futuro de la educaci\u00f3n? \u00a1Ven con nosotros! Est\u00e1s un paso m\u00e1s cerca de dise\u00f1ar el futuro de la educaci\u00f3n.<\/p>\n","protected":false},"author":2,"featured_media":16177,"parent":0,"menu_order":0,"comment_status":"closed","ping_status":"closed","template":"page-no-title","meta":{"_monsterinsights_skip_tracking":false,"_monsterinsights_sitenote_active":false,"_monsterinsights_sitenote_note":"","_monsterinsights_sitenote_category":0,"footnotes":""},"class_list":["post-16600","page","type-page","status-publish","has-post-thumbnail","hentry"],"_links":{"self":[{"href":"https:\/\/inicie.digital\/es\/wp-json\/wp\/v2\/pages\/16600","targetHints":{"allow":["GET"]}}],"collection":[{"href":"https:\/\/inicie.digital\/es\/wp-json\/wp\/v2\/pages"}],"about":[{"href":"https:\/\/inicie.digital\/es\/wp-json\/wp\/v2\/types\/page"}],"author":[{"embeddable":true,"href":"https:\/\/inicie.digital\/es\/wp-json\/wp\/v2\/users\/2"}],"replies":[{"embeddable":true,"href":"https:\/\/inicie.digital\/es\/wp-json\/wp\/v2\/comments?post=16600"}],"version-history":[{"count":0,"href":"https:\/\/inicie.digital\/es\/wp-json\/wp\/v2\/pages\/16600\/revisions"}],"wp:featuredmedia":[{"embeddable":true,"href":"https:\/\/inicie.digital\/es\/wp-json\/wp\/v2\/media\/16177"}],"wp:attachment":[{"href":"https:\/\/inicie.digital\/es\/wp-json\/wp\/v2\/media?parent=16600"}],"curies":[{"name":"wp","href":"https:\/\/api.w.org\/{rel}","templated":true}]}}